{"id":1334,"date":"2021-01-15T11:47:30","date_gmt":"2021-01-15T10:47:30","guid":{"rendered":"https:\/\/www.domaineseve.com\/?page_id=1334"},"modified":"2021-01-15T11:48:44","modified_gmt":"2021-01-15T10:48:44","slug":"compte-2","status":"publish","type":"page","link":"https:\/\/www.domaineseve.com\/en\/compte-2\/","title":{"rendered":"Compte 2"},"content":{"rendered":"<div data-elementor-type=\"wp-page\" data-elementor-id=\"1334\" class=\"elementor elementor-1334\" data-elementor-post-type=\"page\">\n\t\t\t\t\t\t<section class=\"elementor-section elementor-top-section elementor-element elementor-element-ebf1b38 elementor-section-boxed elementor-section-height-default elementor-section-height-default\" data-id=\"ebf1b38\" data-element_type=\"section\">\n\t\t\t\t\t\t<div class=\"elementor-container elementor-column-gap-default\">\n\t\t\t\t\t<div class=\"elementor-column elementor-col-100 elementor-top-column elementor-element elementor-element-fa870a9\" data-id=\"fa870a9\" data-element_type=\"column\">\n\t\t\t<div class=\"elementor-widget-wrap elementor-element-populated\">\n\t\t\t\t\t\t<div class=\"elementor-element elementor-element-0adc623 elementor-widget elementor-widget-text-editor\" data-id=\"0adc623\" data-element_type=\"widget\" data-widget_type=\"text-editor.default\">\n\t\t\t\t<div class=\"elementor-widget-container\">\n\t\t\t\t\t\t\t\t\t<p><div class=\"woocommerce\"><\/div><\/p>\t\t\t\t\t\t\t\t<\/div>\n\t\t\t\t<\/div>\n\t\t\t\t\t<\/div>\n\t\t<\/div>\n\t\t\t\t\t<\/div>\n\t\t<\/section>\n\t\t\t\t<\/div>","protected":false},"excerpt":{"rendered":"","protected":false},"author":2,"featured_media":0,"parent":0,"menu_order":0,"comment_status":"closed","ping_status":"closed","template":"","meta":{"_acf_changed":false,"footnotes":""},"class_list":["post-1334","page","type-page","status-publish","hentry"],"acf":[],"yoast_head":"<!-- This site is optimized with the Yoast SEO plugin v27.2 - https:\/\/yoast.com\/product\/yoast-seo-wordpress\/ -->\n<title>Compte 2 - Domaine S\u00e8ve Pouilly Fuiss\u00e9<\/title>\n<meta name=\"description\" content=\"Compte 2 D\u00e9couvrez le domaine Jean-Pierre S\u00e8ve, producteur de POUILLY-FUISSE et MACON SOLUTRE, vin de Bourgogne\" \/>\n<meta name=\"robots\" content=\"index, follow, max-snippet:-1, max-image-preview:large, max-video-preview:-1\" \/>\n<link rel=\"canonical\" href=\"https:\/\/www.domaineseve.com\/en\/compte-2\/\" \/>\n<meta property=\"og:locale\" content=\"en_GB\" \/>\n<meta property=\"og:type\" content=\"article\" \/>\n<meta property=\"og:title\" content=\"Compte 2 - Domaine S\u00e8ve Pouilly Fuiss\u00e9\" \/>\n<meta property=\"og:description\" content=\"Compte 2 D\u00e9couvrez le domaine Jean-Pierre S\u00e8ve, producteur de POUILLY-FUISSE et MACON SOLUTRE, vin de Bourgogne\" \/>\n<meta property=\"og:url\" content=\"https:\/\/www.domaineseve.com\/en\/compte-2\/\" \/>\n<meta property=\"og:site_name\" content=\"Domaine S\u00e8ve Pouilly Fuiss\u00e9\" \/>\n<meta property=\"article:modified_time\" content=\"2021-01-15T10:48:44+00:00\" \/>\n<meta name=\"twitter:card\" content=\"summary_large_image\" \/>\n<script type=\"application\/ld+json\" class=\"yoast-schema-graph\">{\"@context\":\"https:\/\/schema.org\",\"@graph\":[{\"@type\":\"WebPage\",\"@id\":\"https:\/\/www.domaineseve.com\/compte-2\/\",\"url\":\"https:\/\/www.domaineseve.com\/compte-2\/\",\"name\":\"Compte 2 - Domaine S\u00e8ve Pouilly Fuiss\u00e9\",\"isPartOf\":{\"@id\":\"https:\/\/www.domaineseve.com\/#website\"},\"datePublished\":\"2021-01-15T10:47:30+00:00\",\"dateModified\":\"2021-01-15T10:48:44+00:00\",\"description\":\"Compte 2 D\u00e9couvrez le domaine Jean-Pierre S\u00e8ve, producteur de POUILLY-FUISSE et MACON SOLUTRE, vin de Bourgogne\",\"breadcrumb\":{\"@id\":\"https:\/\/www.domaineseve.com\/compte-2\/#breadcrumb\"},\"inLanguage\":\"en-GB\",\"potentialAction\":[{\"@type\":\"ReadAction\",\"target\":[\"https:\/\/www.domaineseve.com\/compte-2\/\"]}]},{\"@type\":\"BreadcrumbList\",\"@id\":\"https:\/\/www.domaineseve.com\/compte-2\/#breadcrumb\",\"itemListElement\":[{\"@type\":\"ListItem\",\"position\":1,\"name\":\"Accueil\",\"item\":\"https:\/\/www.domaineseve.com\/\"},{\"@type\":\"ListItem\",\"position\":2,\"name\":\"Compte 2\"}]},{\"@type\":\"WebSite\",\"@id\":\"https:\/\/www.domaineseve.com\/#website\",\"url\":\"https:\/\/www.domaineseve.com\/\",\"name\":\"Domaine S\u00e8ve Pouilly Fuiss\u00e9\",\"description\":\"Pouilly Fuiss\u00e9 Vins de Bourgogne\",\"potentialAction\":[{\"@type\":\"SearchAction\",\"target\":{\"@type\":\"EntryPoint\",\"urlTemplate\":\"https:\/\/www.domaineseve.com\/?s={search_term_string}\"},\"query-input\":{\"@type\":\"PropertyValueSpecification\",\"valueRequired\":true,\"valueName\":\"search_term_string\"}}],\"inLanguage\":\"en-GB\"}]}<\/script>\n<!-- \/ Yoast SEO plugin. -->","yoast_head_json":{"title":"Compte 2 - Domaine S\u00e8ve Pouilly Fuiss\u00e9","description":"Compte 2 D\u00e9couvrez le domaine Jean-Pierre S\u00e8ve, producteur de POUILLY-FUISSE et MACON SOLUTRE, vin de Bourgogne","robots":{"index":"index","follow":"follow","max-snippet":"max-snippet:-1","max-image-preview":"max-image-preview:large","max-video-preview":"max-video-preview:-1"},"canonical":"https:\/\/www.domaineseve.com\/en\/compte-2\/","og_locale":"en_GB","og_type":"article","og_title":"Compte 2 - Domaine S\u00e8ve Pouilly Fuiss\u00e9","og_description":"Compte 2 D\u00e9couvrez le domaine Jean-Pierre S\u00e8ve, producteur de POUILLY-FUISSE et MACON SOLUTRE, vin de Bourgogne","og_url":"https:\/\/www.domaineseve.com\/en\/compte-2\/","og_site_name":"Domaine S\u00e8ve Pouilly Fuiss\u00e9","article_modified_time":"2021-01-15T10:48:44+00:00","twitter_card":"summary_large_image","schema":{"@context":"https:\/\/schema.org","@graph":[{"@type":"WebPage","@id":"https:\/\/www.domaineseve.com\/compte-2\/","url":"https:\/\/www.domaineseve.com\/compte-2\/","name":"Compte 2 - Domaine S\u00e8ve Pouilly Fuiss\u00e9","isPartOf":{"@id":"https:\/\/www.domaineseve.com\/#website"},"datePublished":"2021-01-15T10:47:30+00:00","dateModified":"2021-01-15T10:48:44+00:00","description":"Compte 2 D\u00e9couvrez le domaine Jean-Pierre S\u00e8ve, producteur de POUILLY-FUISSE et MACON SOLUTRE, vin de Bourgogne","breadcrumb":{"@id":"https:\/\/www.domaineseve.com\/compte-2\/#breadcrumb"},"inLanguage":"en-GB","potentialAction":[{"@type":"ReadAction","target":["https:\/\/www.domaineseve.com\/compte-2\/"]}]},{"@type":"BreadcrumbList","@id":"https:\/\/www.domaineseve.com\/compte-2\/#breadcrumb","itemListElement":[{"@type":"ListItem","position":1,"name":"Accueil","item":"https:\/\/www.domaineseve.com\/"},{"@type":"ListItem","position":2,"name":"Compte 2"}]},{"@type":"WebSite","@id":"https:\/\/www.domaineseve.com\/#website","url":"https:\/\/www.domaineseve.com\/","name":"Domaine S\u00e8ve Pouilly Fuiss\u00e9","description":"Pouilly Fuiss\u00e9 Vins de Bourgogne","potentialAction":[{"@type":"SearchAction","target":{"@type":"EntryPoint","urlTemplate":"https:\/\/www.domaineseve.com\/?s={search_term_string}"},"query-input":{"@type":"PropertyValueSpecification","valueRequired":true,"valueName":"search_term_string"}}],"inLanguage":"en-GB"}]}},"_links":{"self":[{"href":"https:\/\/www.domaineseve.com\/en\/wp-json\/wp\/v2\/pages\/1334","targetHints":{"allow":["GET"]}}],"collection":[{"href":"https:\/\/www.domaineseve.com\/en\/wp-json\/wp\/v2\/pages"}],"about":[{"href":"https:\/\/www.domaineseve.com\/en\/wp-json\/wp\/v2\/types\/page"}],"author":[{"embeddable":true,"href":"https:\/\/www.domaineseve.com\/en\/wp-json\/wp\/v2\/users\/2"}],"replies":[{"embeddable":true,"href":"https:\/\/www.domaineseve.com\/en\/wp-json\/wp\/v2\/comments?post=1334"}],"version-history":[{"count":4,"href":"https:\/\/www.domaineseve.com\/en\/wp-json\/wp\/v2\/pages\/1334\/revisions"}],"predecessor-version":[{"id":1338,"href":"https:\/\/www.domaineseve.com\/en\/wp-json\/wp\/v2\/pages\/1334\/revisions\/1338"}],"wp:attachment":[{"href":"https:\/\/www.domaineseve.com\/en\/wp-json\/wp\/v2\/media?parent=1334"}],"curies":[{"name":"wp","href":"https:\/\/api.w.org\/{rel}","templated":true}]}}