{"id":9,"date":"2020-05-17T12:56:29","date_gmt":"2020-05-17T10:56:29","guid":{"rendered":"http:\/\/prod.vins-seve.com\/?page_id=9"},"modified":"2021-01-15T18:29:43","modified_gmt":"2021-01-15T17:29:43","slug":"mon-compte","status":"publish","type":"page","link":"https:\/\/www.domaineseve.com\/en\/mon-compte\/","title":{"rendered":"Mon compte"},"content":{"rendered":"<div data-elementor-type=\"wp-page\" data-elementor-id=\"9\" class=\"elementor elementor-9\" data-elementor-post-type=\"page\">\n\t\t\t\t\t\t<section class=\"elementor-section elementor-top-section elementor-element elementor-element-17c9d4b1 elementor-section-boxed elementor-section-height-default elementor-section-height-default\" data-id=\"17c9d4b1\" data-element_type=\"section\">\n\t\t\t\t\t\t<div class=\"elementor-container elementor-column-gap-default\">\n\t\t\t\t\t<div class=\"elementor-column elementor-col-100 elementor-top-column elementor-element elementor-element-13e57557\" data-id=\"13e57557\" data-element_type=\"column\">\n\t\t\t<div class=\"elementor-widget-wrap elementor-element-populated\">\n\t\t\t\t\t\t<div class=\"elementor-element elementor-element-1754878 elementor-widget elementor-widget-heading\" data-id=\"1754878\" data-element_type=\"widget\" data-widget_type=\"heading.default\">\n\t\t\t\t<div class=\"elementor-widget-container\">\n\t\t\t\t\t<h1 class=\"elementor-heading-title elementor-size-default\">Mon compte<\/h1>\t\t\t\t<\/div>\n\t\t\t\t<\/div>\n\t\t\t\t<div class=\"elementor-element elementor-element-26476f4 elementor-widget elementor-widget-spacer\" data-id=\"26476f4\" data-element_type=\"widget\" data-widget_type=\"spacer.default\">\n\t\t\t\t<div class=\"elementor-widget-container\">\n\t\t\t\t\t\t\t<div class=\"elementor-spacer\">\n\t\t\t<div class=\"elementor-spacer-inner\"><\/div>\n\t\t<\/div>\n\t\t\t\t\t\t<\/div>\n\t\t\t\t<\/div>\n\t\t\t\t<div class=\"elementor-element elementor-element-7e780ea0 elementor-widget elementor-widget-text-editor\" data-id=\"7e780ea0\" data-element_type=\"widget\" data-widget_type=\"text-editor.default\">\n\t\t\t\t<div class=\"elementor-widget-container\">\n\t\t\t\t\t\t\t\t\t<p><div class=\"woocommerce\"><\/div><\/p>\t\t\t\t\t\t\t\t<\/div>\n\t\t\t\t<\/div>\n\t\t\t\t\t<\/div>\n\t\t<\/div>\n\t\t\t\t\t<\/div>\n\t\t<\/section>\n\t\t\t\t<section class=\"elementor-section elementor-top-section elementor-element elementor-element-89d0600 elementor-section-boxed elementor-section-height-default elementor-section-height-default\" data-id=\"89d0600\" data-element_type=\"section\">\n\t\t\t\t\t\t<div class=\"elementor-container elementor-column-gap-default\">\n\t\t\t\t\t<div class=\"elementor-column elementor-col-100 elementor-top-column elementor-element elementor-element-0ef059b\" data-id=\"0ef059b\" data-element_type=\"column\">\n\t\t\t<div class=\"elementor-widget-wrap elementor-element-populated\">\n\t\t\t\t\t\t<div class=\"elementor-element elementor-element-df5a5eb elementor-widget elementor-widget-spacer\" data-id=\"df5a5eb\" data-element_type=\"widget\" data-widget_type=\"spacer.default\">\n\t\t\t\t<div class=\"elementor-widget-container\">\n\t\t\t\t\t\t\t<div class=\"elementor-spacer\">\n\t\t\t<div class=\"elementor-spacer-inner\"><\/div>\n\t\t<\/div>\n\t\t\t\t\t\t<\/div>\n\t\t\t\t<\/div>\n\t\t\t\t\t<\/div>\n\t\t<\/div>\n\t\t\t\t\t<\/div>\n\t\t<\/section>\n\t\t\t\t<\/div>","protected":false},"excerpt":{"rendered":"","protected":false},"author":1,"featured_media":0,"parent":0,"menu_order":0,"comment_status":"closed","ping_status":"closed","template":"","meta":{"_acf_changed":false,"footnotes":""},"class_list":["post-9","page","type-page","status-publish","hentry"],"acf":[],"yoast_head":"<!-- This site is optimized with the Yoast SEO plugin v27.2 - https:\/\/yoast.com\/product\/yoast-seo-wordpress\/ -->\n<title>Mon compte - Domaine S\u00e8ve Pouilly Fuiss\u00e9<\/title>\n<meta name=\"description\" content=\"Mon compte D\u00e9couvrez le domaine Jean-Pierre S\u00e8ve, producteur de POUILLY-FUISSE et MACON SOLUTRE, vin de Bourgogne\" \/>\n<meta name=\"robots\" content=\"index, follow, max-snippet:-1, max-image-preview:large, max-video-preview:-1\" \/>\n<link rel=\"canonical\" href=\"https:\/\/www.domaineseve.com\/en\/mon-compte\/\" \/>\n<meta property=\"og:locale\" content=\"en_GB\" \/>\n<meta property=\"og:type\" content=\"article\" \/>\n<meta property=\"og:title\" content=\"Mon compte - Domaine S\u00e8ve Pouilly Fuiss\u00e9\" \/>\n<meta property=\"og:description\" content=\"Mon compte D\u00e9couvrez le domaine Jean-Pierre S\u00e8ve, producteur de POUILLY-FUISSE et MACON SOLUTRE, vin de Bourgogne\" \/>\n<meta property=\"og:url\" content=\"https:\/\/www.domaineseve.com\/en\/mon-compte\/\" \/>\n<meta property=\"og:site_name\" content=\"Domaine S\u00e8ve Pouilly Fuiss\u00e9\" \/>\n<meta property=\"article:modified_time\" content=\"2021-01-15T17:29:43+00:00\" \/>\n<meta name=\"twitter:card\" content=\"summary_large_image\" \/>\n<meta name=\"twitter:label1\" content=\"Estimated reading time\" \/>\n\t<meta name=\"twitter:data1\" content=\"1 minute\" \/>\n<script type=\"application\/ld+json\" class=\"yoast-schema-graph\">{\"@context\":\"https:\/\/schema.org\",\"@graph\":[{\"@type\":\"WebPage\",\"@id\":\"https:\/\/www.domaineseve.com\/mon-compte\/\",\"url\":\"https:\/\/www.domaineseve.com\/mon-compte\/\",\"name\":\"Mon compte - Domaine S\u00e8ve Pouilly Fuiss\u00e9\",\"isPartOf\":{\"@id\":\"https:\/\/www.domaineseve.com\/#website\"},\"datePublished\":\"2020-05-17T10:56:29+00:00\",\"dateModified\":\"2021-01-15T17:29:43+00:00\",\"description\":\"Mon compte D\u00e9couvrez le domaine Jean-Pierre S\u00e8ve, producteur de POUILLY-FUISSE et MACON SOLUTRE, vin de Bourgogne\",\"breadcrumb\":{\"@id\":\"https:\/\/www.domaineseve.com\/mon-compte\/#breadcrumb\"},\"inLanguage\":\"en-GB\",\"potentialAction\":[{\"@type\":\"ReadAction\",\"target\":[\"https:\/\/www.domaineseve.com\/mon-compte\/\"]}]},{\"@type\":\"BreadcrumbList\",\"@id\":\"https:\/\/www.domaineseve.com\/mon-compte\/#breadcrumb\",\"itemListElement\":[{\"@type\":\"ListItem\",\"position\":1,\"name\":\"Accueil\",\"item\":\"https:\/\/www.domaineseve.com\/\"},{\"@type\":\"ListItem\",\"position\":2,\"name\":\"Mon compte\"}]},{\"@type\":\"WebSite\",\"@id\":\"https:\/\/www.domaineseve.com\/#website\",\"url\":\"https:\/\/www.domaineseve.com\/\",\"name\":\"Domaine S\u00e8ve Pouilly Fuiss\u00e9\",\"description\":\"Pouilly Fuiss\u00e9 Vins de Bourgogne\",\"potentialAction\":[{\"@type\":\"SearchAction\",\"target\":{\"@type\":\"EntryPoint\",\"urlTemplate\":\"https:\/\/www.domaineseve.com\/?s={search_term_string}\"},\"query-input\":{\"@type\":\"PropertyValueSpecification\",\"valueRequired\":true,\"valueName\":\"search_term_string\"}}],\"inLanguage\":\"en-GB\"}]}<\/script>\n<!-- \/ Yoast SEO plugin. -->","yoast_head_json":{"title":"Mon compte - Domaine S\u00e8ve Pouilly Fuiss\u00e9","description":"Mon compte D\u00e9couvrez le domaine Jean-Pierre S\u00e8ve, producteur de POUILLY-FUISSE et MACON SOLUTRE, vin de Bourgogne","robots":{"index":"index","follow":"follow","max-snippet":"max-snippet:-1","max-image-preview":"max-image-preview:large","max-video-preview":"max-video-preview:-1"},"canonical":"https:\/\/www.domaineseve.com\/en\/mon-compte\/","og_locale":"en_GB","og_type":"article","og_title":"Mon compte - Domaine S\u00e8ve Pouilly Fuiss\u00e9","og_description":"Mon compte D\u00e9couvrez le domaine Jean-Pierre S\u00e8ve, producteur de POUILLY-FUISSE et MACON SOLUTRE, vin de Bourgogne","og_url":"https:\/\/www.domaineseve.com\/en\/mon-compte\/","og_site_name":"Domaine S\u00e8ve Pouilly Fuiss\u00e9","article_modified_time":"2021-01-15T17:29:43+00:00","twitter_card":"summary_large_image","twitter_misc":{"Estimated reading time":"1 minute"},"schema":{"@context":"https:\/\/schema.org","@graph":[{"@type":"WebPage","@id":"https:\/\/www.domaineseve.com\/mon-compte\/","url":"https:\/\/www.domaineseve.com\/mon-compte\/","name":"Mon compte - Domaine S\u00e8ve Pouilly Fuiss\u00e9","isPartOf":{"@id":"https:\/\/www.domaineseve.com\/#website"},"datePublished":"2020-05-17T10:56:29+00:00","dateModified":"2021-01-15T17:29:43+00:00","description":"Mon compte D\u00e9couvrez le domaine Jean-Pierre S\u00e8ve, producteur de POUILLY-FUISSE et MACON SOLUTRE, vin de Bourgogne","breadcrumb":{"@id":"https:\/\/www.domaineseve.com\/mon-compte\/#breadcrumb"},"inLanguage":"en-GB","potentialAction":[{"@type":"ReadAction","target":["https:\/\/www.domaineseve.com\/mon-compte\/"]}]},{"@type":"BreadcrumbList","@id":"https:\/\/www.domaineseve.com\/mon-compte\/#breadcrumb","itemListElement":[{"@type":"ListItem","position":1,"name":"Accueil","item":"https:\/\/www.domaineseve.com\/"},{"@type":"ListItem","position":2,"name":"Mon compte"}]},{"@type":"WebSite","@id":"https:\/\/www.domaineseve.com\/#website","url":"https:\/\/www.domaineseve.com\/","name":"Domaine S\u00e8ve Pouilly Fuiss\u00e9","description":"Pouilly Fuiss\u00e9 Vins de Bourgogne","potentialAction":[{"@type":"SearchAction","target":{"@type":"EntryPoint","urlTemplate":"https:\/\/www.domaineseve.com\/?s={search_term_string}"},"query-input":{"@type":"PropertyValueSpecification","valueRequired":true,"valueName":"search_term_string"}}],"inLanguage":"en-GB"}]}},"_links":{"self":[{"href":"https:\/\/www.domaineseve.com\/en\/wp-json\/wp\/v2\/pages\/9","targetHints":{"allow":["GET"]}}],"collection":[{"href":"https:\/\/www.domaineseve.com\/en\/wp-json\/wp\/v2\/pages"}],"about":[{"href":"https:\/\/www.domaineseve.com\/en\/wp-json\/wp\/v2\/types\/page"}],"author":[{"embeddable":true,"href":"https:\/\/www.domaineseve.com\/en\/wp-json\/wp\/v2\/users\/1"}],"replies":[{"embeddable":true,"href":"https:\/\/www.domaineseve.com\/en\/wp-json\/wp\/v2\/comments?post=9"}],"version-history":[{"count":13,"href":"https:\/\/www.domaineseve.com\/en\/wp-json\/wp\/v2\/pages\/9\/revisions"}],"predecessor-version":[{"id":1367,"href":"https:\/\/www.domaineseve.com\/en\/wp-json\/wp\/v2\/pages\/9\/revisions\/1367"}],"wp:attachment":[{"href":"https:\/\/www.domaineseve.com\/en\/wp-json\/wp\/v2\/media?parent=9"}],"curies":[{"name":"wp","href":"https:\/\/api.w.org\/{rel}","templated":true}]}}