{"id":1158,"date":"2020-12-10T10:39:58","date_gmt":"2020-12-10T09:39:58","guid":{"rendered":"https:\/\/www.domaineseve.com\/?post_type=product&#038;p=1158"},"modified":"2024-01-26T16:12:14","modified_gmt":"2024-01-26T15:12:14","slug":"magnum-pouilly-fuisse-vieilles-vignes","status":"publish","type":"product","link":"https:\/\/www.domaineseve.com\/en\/nos-vins\/magnum-pouilly-fuisse-vieilles-vignes\/","title":{"rendered":"Magnum Pouilly-Fuiss\u00e9 \u00ab\u00a0S\u00e9lection Vieilles vignes\u00a0\u00bb"},"content":{"rendered":"<div data-elementor-type=\"product-post\" data-elementor-id=\"1158\" class=\"elementor elementor-1158\" data-elementor-post-type=\"product\">\n\t\t\t\t\t\t<section class=\"elementor-section elementor-top-section elementor-element elementor-element-4e922136 elementor-section-boxed elementor-section-height-default elementor-section-height-default\" data-id=\"4e922136\" data-element_type=\"section\">\n\t\t\t\t\t\t<div class=\"elementor-container elementor-column-gap-default\">\n\t\t\t\t\t<div class=\"elementor-column elementor-col-100 elementor-top-column elementor-element elementor-element-745772cf\" data-id=\"745772cf\" data-element_type=\"column\">\n\t\t\t<div class=\"elementor-widget-wrap elementor-element-populated\">\n\t\t\t\t\t\t<div class=\"elementor-element elementor-element-3dec4121 elementor-widget elementor-widget-text-editor\" data-id=\"3dec4121\" data-element_type=\"widget\" data-widget_type=\"text-editor.default\">\n\t\t\t\t<div class=\"elementor-widget-container\">\n\t\t\t\t\t\t\t\t\t<p>Les plus vieilles vignes de notre exploitation, d\u2019un \u00e2ge moyen de 60 ans, sont s\u00e9lectionn\u00e9es pour donner cette cuv\u00e9e \u00e9lev\u00e9e durant 10 mois en barriques de 500 litres et f\u00fbts de 228 litres.<br>Robe brillante de couleur jaune or.<br>Le nez est toast\u00e9 et pain grill\u00e9. La bouche est vanill\u00e9e, ample et persistante, l\u00e9g\u00e8rement \u00e9pic\u00e9e, attaque min\u00e9rale qui r\u00e9v\u00e8le toute la puissance d\u2019un Pouilly-Fuiss\u00e9 issu de vignes ancestrales. De la persistance pour ce Pouilly-Fuiss\u00e9.<br>Il est conseill\u00e9 de l\u2019ouvrir 2 heures \u00e0 l\u2019avance et de le servir entre 12\u00b0 et 14.<br>Ce vin accompagne le foie gras, les escargots, les poissons l\u00e9g\u00e8rement sauc\u00e9s, les viandes blanches \u00e0 la cr\u00e8me, les fromages de ch\u00e8vres, tomes, Cont\u00e9, Beaufort, Roquefort.<\/p>\t\t\t\t\t\t\t\t<\/div>\n\t\t\t\t<\/div>\n\t\t\t\t<div class=\"elementor-element elementor-element-0493941 elementor-widget elementor-widget-spacer\" data-id=\"0493941\" data-element_type=\"widget\" data-widget_type=\"spacer.default\">\n\t\t\t\t<div class=\"elementor-widget-container\">\n\t\t\t\t\t\t\t<div class=\"elementor-spacer\">\n\t\t\t<div class=\"elementor-spacer-inner\"><\/div>\n\t\t<\/div>\n\t\t\t\t\t\t<\/div>\n\t\t\t\t<\/div>\n\t\t\t\t\t<\/div>\n\t\t<\/div>\n\t\t\t\t\t<\/div>\n\t\t<\/section>\n\t\t\t\t<\/div>","protected":false},"excerpt":{"rendered":"<p>NOUS CONSULTER<\/p>\n<p>\"S\u00e9lection Vieilles Vignes\", is from variable-sized<br \/>\nmillerand\u00e9s grapes with high phenolic concentration, a wine that is powerful and complex, with great breadth, persistence and aromatic variety.<\/p>","protected":false},"featured_media":1709,"comment_status":"open","ping_status":"closed","template":"","meta":{"_acf_changed":false},"product_brand":[],"product_cat":[27,19],"product_tag":[],"class_list":{"0":"post-1158","1":"product","2":"type-product","3":"status-publish","4":"has-post-thumbnail","6":"product_cat-magnum","7":"product_cat-pouilly-fuisse","9":"first","10":"instock","11":"shipping-taxable","12":"product-type-simple"},"acf":[],"yoast_head":"<!-- This site is optimized with the Yoast SEO plugin v27.2 - https:\/\/yoast.com\/product\/yoast-seo-wordpress\/ -->\n<title>Magnum Pouilly-Fuiss\u00e9 &quot;S\u00e9lection Vieilles vignes&quot; - Domaine S\u00e8ve Pouilly Fuiss\u00e9<\/title>\n<meta name=\"description\" content=\"Magnum Pouilly-Fuiss\u00e9 &quot;S\u00e9lection Vieilles vignes&quot; D\u00e9couvrez le domaine S\u00e8ve, producteur de POUILLY-FUISS\u00c9 et M\u00c2CON SOLUTR\u00c9-POUILLY, vin de Bourgogne\" \/>\n<meta name=\"robots\" content=\"index, follow, max-snippet:-1, max-image-preview:large, max-video-preview:-1\" \/>\n<link rel=\"canonical\" href=\"https:\/\/www.domaineseve.com\/en\/nos-vins\/magnum-pouilly-fuisse-vieilles-vignes\/\" \/>\n<meta property=\"og:locale\" content=\"en_GB\" \/>\n<meta property=\"og:type\" content=\"article\" \/>\n<meta property=\"og:title\" content=\"Magnum Pouilly-Fuiss\u00e9 &quot;S\u00e9lection Vieilles vignes&quot; - Domaine S\u00e8ve Pouilly Fuiss\u00e9\" \/>\n<meta property=\"og:description\" content=\"Magnum Pouilly-Fuiss\u00e9 &quot;S\u00e9lection Vieilles vignes&quot; D\u00e9couvrez le domaine S\u00e8ve, producteur de POUILLY-FUISS\u00c9 et M\u00c2CON SOLUTR\u00c9-POUILLY, vin de Bourgogne\" \/>\n<meta property=\"og:url\" content=\"https:\/\/www.domaineseve.com\/en\/nos-vins\/magnum-pouilly-fuisse-vieilles-vignes\/\" \/>\n<meta property=\"og:site_name\" content=\"Domaine S\u00e8ve Pouilly Fuiss\u00e9\" \/>\n<meta property=\"article:modified_time\" content=\"2024-01-26T15:12:14+00:00\" \/>\n<meta property=\"og:image\" content=\"https:\/\/www.domaineseve.com\/wp-content\/uploads\/2020\/12\/MAgnum-pouilly-fuisse-selection-vieilles-vignes-2022.png\" \/>\n\t<meta property=\"og:image:width\" content=\"1000\" \/>\n\t<meta property=\"og:image:height\" content=\"1000\" \/>\n\t<meta property=\"og:image:type\" content=\"image\/png\" \/>\n<meta name=\"twitter:card\" content=\"summary_large_image\" \/>\n<meta name=\"twitter:label1\" content=\"Estimated reading time\" \/>\n\t<meta name=\"twitter:data1\" content=\"1 minute\" \/>\n<script type=\"application\/ld+json\" class=\"yoast-schema-graph\">{\"@context\":\"https:\/\/schema.org\",\"@graph\":[{\"@type\":\"WebPage\",\"@id\":\"https:\/\/www.domaineseve.com\/nos-vins\/magnum-pouilly-fuisse-vieilles-vignes\/\",\"url\":\"https:\/\/www.domaineseve.com\/nos-vins\/magnum-pouilly-fuisse-vieilles-vignes\/\",\"name\":\"Magnum Pouilly-Fuiss\u00e9 \\\"S\u00e9lection Vieilles vignes\\\" - Domaine S\u00e8ve Pouilly Fuiss\u00e9\",\"isPartOf\":{\"@id\":\"https:\/\/www.domaineseve.com\/#website\"},\"primaryImageOfPage\":{\"@id\":\"https:\/\/www.domaineseve.com\/nos-vins\/magnum-pouilly-fuisse-vieilles-vignes\/#primaryimage\"},\"image\":{\"@id\":\"https:\/\/www.domaineseve.com\/nos-vins\/magnum-pouilly-fuisse-vieilles-vignes\/#primaryimage\"},\"thumbnailUrl\":\"https:\/\/www.domaineseve.com\/wp-content\/uploads\/2020\/12\/MAgnum-pouilly-fuisse-selection-vieilles-vignes-2022.png\",\"datePublished\":\"2020-12-10T09:39:58+00:00\",\"dateModified\":\"2024-01-26T15:12:14+00:00\",\"description\":\"Magnum Pouilly-Fuiss\u00e9 \\\"S\u00e9lection Vieilles vignes\\\" D\u00e9couvrez le domaine S\u00e8ve, producteur de POUILLY-FUISS\u00c9 et M\u00c2CON SOLUTR\u00c9-POUILLY, vin de Bourgogne\",\"breadcrumb\":{\"@id\":\"https:\/\/www.domaineseve.com\/nos-vins\/magnum-pouilly-fuisse-vieilles-vignes\/#breadcrumb\"},\"inLanguage\":\"en-GB\",\"potentialAction\":[{\"@type\":\"ReadAction\",\"target\":[\"https:\/\/www.domaineseve.com\/nos-vins\/magnum-pouilly-fuisse-vieilles-vignes\/\"]}]},{\"@type\":\"ImageObject\",\"inLanguage\":\"en-GB\",\"@id\":\"https:\/\/www.domaineseve.com\/nos-vins\/magnum-pouilly-fuisse-vieilles-vignes\/#primaryimage\",\"url\":\"https:\/\/www.domaineseve.com\/wp-content\/uploads\/2020\/12\/MAgnum-pouilly-fuisse-selection-vieilles-vignes-2022.png\",\"contentUrl\":\"https:\/\/www.domaineseve.com\/wp-content\/uploads\/2020\/12\/MAgnum-pouilly-fuisse-selection-vieilles-vignes-2022.png\",\"width\":1000,\"height\":1000},{\"@type\":\"BreadcrumbList\",\"@id\":\"https:\/\/www.domaineseve.com\/nos-vins\/magnum-pouilly-fuisse-vieilles-vignes\/#breadcrumb\",\"itemListElement\":[{\"@type\":\"ListItem\",\"position\":1,\"name\":\"Accueil\",\"item\":\"https:\/\/www.domaineseve.com\/\"},{\"@type\":\"ListItem\",\"position\":2,\"name\":\"Boutique\",\"item\":\"https:\/\/www.domaineseve.com\/en\/boutique\/\"},{\"@type\":\"ListItem\",\"position\":3,\"name\":\"Magnum Pouilly-Fuiss\u00e9 \u00ab\u00a0S\u00e9lection Vieilles vignes\u00a0\u00bb\"}]},{\"@type\":\"WebSite\",\"@id\":\"https:\/\/www.domaineseve.com\/#website\",\"url\":\"https:\/\/www.domaineseve.com\/\",\"name\":\"Domaine S\u00e8ve Pouilly Fuiss\u00e9\",\"description\":\"Pouilly Fuiss\u00e9 Vins de Bourgogne\",\"potentialAction\":[{\"@type\":\"SearchAction\",\"target\":{\"@type\":\"EntryPoint\",\"urlTemplate\":\"https:\/\/www.domaineseve.com\/?s={search_term_string}\"},\"query-input\":{\"@type\":\"PropertyValueSpecification\",\"valueRequired\":true,\"valueName\":\"search_term_string\"}}],\"inLanguage\":\"en-GB\"}]}<\/script>\n<!-- \/ Yoast SEO plugin. -->","yoast_head_json":{"title":"Magnum Pouilly-Fuiss\u00e9 \"S\u00e9lection Vieilles vignes\" - Domaine S\u00e8ve Pouilly Fuiss\u00e9","description":"Magnum Pouilly-Fuiss\u00e9 \"S\u00e9lection Vieilles vignes\" D\u00e9couvrez le domaine S\u00e8ve, producteur de POUILLY-FUISS\u00c9 et M\u00c2CON SOLUTR\u00c9-POUILLY, vin de Bourgogne","robots":{"index":"index","follow":"follow","max-snippet":"max-snippet:-1","max-image-preview":"max-image-preview:large","max-video-preview":"max-video-preview:-1"},"canonical":"https:\/\/www.domaineseve.com\/en\/nos-vins\/magnum-pouilly-fuisse-vieilles-vignes\/","og_locale":"en_GB","og_type":"article","og_title":"Magnum Pouilly-Fuiss\u00e9 \"S\u00e9lection Vieilles vignes\" - Domaine S\u00e8ve Pouilly Fuiss\u00e9","og_description":"Magnum Pouilly-Fuiss\u00e9 \"S\u00e9lection Vieilles vignes\" D\u00e9couvrez le domaine S\u00e8ve, producteur de POUILLY-FUISS\u00c9 et M\u00c2CON SOLUTR\u00c9-POUILLY, vin de Bourgogne","og_url":"https:\/\/www.domaineseve.com\/en\/nos-vins\/magnum-pouilly-fuisse-vieilles-vignes\/","og_site_name":"Domaine S\u00e8ve Pouilly Fuiss\u00e9","article_modified_time":"2024-01-26T15:12:14+00:00","og_image":[{"width":1000,"height":1000,"url":"https:\/\/www.domaineseve.com\/wp-content\/uploads\/2020\/12\/MAgnum-pouilly-fuisse-selection-vieilles-vignes-2022.png","type":"image\/png"}],"twitter_card":"summary_large_image","twitter_misc":{"Estimated reading time":"1 minute"},"schema":{"@context":"https:\/\/schema.org","@graph":[{"@type":"WebPage","@id":"https:\/\/www.domaineseve.com\/nos-vins\/magnum-pouilly-fuisse-vieilles-vignes\/","url":"https:\/\/www.domaineseve.com\/nos-vins\/magnum-pouilly-fuisse-vieilles-vignes\/","name":"Magnum Pouilly-Fuiss\u00e9 \"S\u00e9lection Vieilles vignes\" - Domaine S\u00e8ve Pouilly Fuiss\u00e9","isPartOf":{"@id":"https:\/\/www.domaineseve.com\/#website"},"primaryImageOfPage":{"@id":"https:\/\/www.domaineseve.com\/nos-vins\/magnum-pouilly-fuisse-vieilles-vignes\/#primaryimage"},"image":{"@id":"https:\/\/www.domaineseve.com\/nos-vins\/magnum-pouilly-fuisse-vieilles-vignes\/#primaryimage"},"thumbnailUrl":"https:\/\/www.domaineseve.com\/wp-content\/uploads\/2020\/12\/MAgnum-pouilly-fuisse-selection-vieilles-vignes-2022.png","datePublished":"2020-12-10T09:39:58+00:00","dateModified":"2024-01-26T15:12:14+00:00","description":"Magnum Pouilly-Fuiss\u00e9 \"S\u00e9lection Vieilles vignes\" D\u00e9couvrez le domaine S\u00e8ve, producteur de POUILLY-FUISS\u00c9 et M\u00c2CON SOLUTR\u00c9-POUILLY, vin de Bourgogne","breadcrumb":{"@id":"https:\/\/www.domaineseve.com\/nos-vins\/magnum-pouilly-fuisse-vieilles-vignes\/#breadcrumb"},"inLanguage":"en-GB","potentialAction":[{"@type":"ReadAction","target":["https:\/\/www.domaineseve.com\/nos-vins\/magnum-pouilly-fuisse-vieilles-vignes\/"]}]},{"@type":"ImageObject","inLanguage":"en-GB","@id":"https:\/\/www.domaineseve.com\/nos-vins\/magnum-pouilly-fuisse-vieilles-vignes\/#primaryimage","url":"https:\/\/www.domaineseve.com\/wp-content\/uploads\/2020\/12\/MAgnum-pouilly-fuisse-selection-vieilles-vignes-2022.png","contentUrl":"https:\/\/www.domaineseve.com\/wp-content\/uploads\/2020\/12\/MAgnum-pouilly-fuisse-selection-vieilles-vignes-2022.png","width":1000,"height":1000},{"@type":"BreadcrumbList","@id":"https:\/\/www.domaineseve.com\/nos-vins\/magnum-pouilly-fuisse-vieilles-vignes\/#breadcrumb","itemListElement":[{"@type":"ListItem","position":1,"name":"Accueil","item":"https:\/\/www.domaineseve.com\/"},{"@type":"ListItem","position":2,"name":"Boutique","item":"https:\/\/www.domaineseve.com\/en\/boutique\/"},{"@type":"ListItem","position":3,"name":"Magnum Pouilly-Fuiss\u00e9 \u00ab\u00a0S\u00e9lection Vieilles vignes\u00a0\u00bb"}]},{"@type":"WebSite","@id":"https:\/\/www.domaineseve.com\/#website","url":"https:\/\/www.domaineseve.com\/","name":"Domaine S\u00e8ve Pouilly Fuiss\u00e9","description":"Pouilly Fuiss\u00e9 Vins de Bourgogne","potentialAction":[{"@type":"SearchAction","target":{"@type":"EntryPoint","urlTemplate":"https:\/\/www.domaineseve.com\/?s={search_term_string}"},"query-input":{"@type":"PropertyValueSpecification","valueRequired":true,"valueName":"search_term_string"}}],"inLanguage":"en-GB"}]}},"_links":{"self":[{"href":"https:\/\/www.domaineseve.com\/en\/wp-json\/wp\/v2\/product\/1158","targetHints":{"allow":["GET"]}}],"collection":[{"href":"https:\/\/www.domaineseve.com\/en\/wp-json\/wp\/v2\/product"}],"about":[{"href":"https:\/\/www.domaineseve.com\/en\/wp-json\/wp\/v2\/types\/product"}],"replies":[{"embeddable":true,"href":"https:\/\/www.domaineseve.com\/en\/wp-json\/wp\/v2\/comments?post=1158"}],"version-history":[{"count":7,"href":"https:\/\/www.domaineseve.com\/en\/wp-json\/wp\/v2\/product\/1158\/revisions"}],"predecessor-version":[{"id":2003,"href":"https:\/\/www.domaineseve.com\/en\/wp-json\/wp\/v2\/product\/1158\/revisions\/2003"}],"wp:featuredmedia":[{"embeddable":true,"href":"https:\/\/www.domaineseve.com\/en\/wp-json\/wp\/v2\/media\/1709"}],"wp:attachment":[{"href":"https:\/\/www.domaineseve.com\/en\/wp-json\/wp\/v2\/media?parent=1158"}],"wp:term":[{"taxonomy":"product_brand","embeddable":true,"href":"https:\/\/www.domaineseve.com\/en\/wp-json\/wp\/v2\/product_brand?post=1158"},{"taxonomy":"product_cat","embeddable":true,"href":"https:\/\/www.domaineseve.com\/en\/wp-json\/wp\/v2\/product_cat?post=1158"},{"taxonomy":"product_tag","embeddable":true,"href":"https:\/\/www.domaineseve.com\/en\/wp-json\/wp\/v2\/product_tag?post=1158"}],"curies":[{"name":"wp","href":"https:\/\/api.w.org\/{rel}","templated":true}]}}