{"id":264,"date":"2020-07-04T13:31:31","date_gmt":"2020-07-04T11:31:31","guid":{"rendered":"http:\/\/prod.vins-seve.com\/?post_type=product&#038;p=264"},"modified":"2025-11-18T15:32:16","modified_gmt":"2025-11-18T14:32:16","slug":"pouilly-fuisse-terroir","status":"publish","type":"product","link":"https:\/\/www.domaineseve.com\/en\/nos-vins\/pouilly-fuisse-terroir\/","title":{"rendered":"Pouilly-Fuiss\u00e9 \u00ab\u00a0Terroir\u00a0\u00bb"},"content":{"rendered":"<div data-elementor-type=\"product-post\" data-elementor-id=\"264\" class=\"elementor elementor-264\" data-elementor-post-type=\"product\">\n\t\t\t\t\t\t<section class=\"elementor-section elementor-top-section elementor-element elementor-element-69243700 elementor-section-boxed elementor-section-height-default elementor-section-height-default\" data-id=\"69243700\" data-element_type=\"section\">\n\t\t\t\t\t\t<div class=\"elementor-container elementor-column-gap-default\">\n\t\t\t\t\t<div class=\"elementor-column elementor-col-100 elementor-top-column elementor-element elementor-element-24871123\" data-id=\"24871123\" data-element_type=\"column\">\n\t\t\t<div class=\"elementor-widget-wrap elementor-element-populated\">\n\t\t\t\t\t\t<div class=\"elementor-element elementor-element-72c36256 elementor-widget elementor-widget-text-editor\" data-id=\"72c36256\" data-element_type=\"widget\" data-widget_type=\"text-editor.default\">\n\t\t\t\t<div class=\"elementor-widget-container\">\n\t\t\t\t\t\t\t\t\t<p>Des vignes d\u2019une moyenne d\u2019\u00e2ge d\u2019environ 40 ans. C\u2019est la connaissance du sous sol, de l\u2019originalit\u00e9 des diff\u00e9rentes parcelles qui composent la cuv\u00e9e \u00ab Terroir \u00bb qui se veut avant tout la pleine expression du chardonnay.<\/p>\n<p>La bouche d\u00e9veloppe au palais la fra\u00eecheur de la min\u00e9ralit\u00e9 propre au Pouilly-Fuiss\u00e9.<br>L\u2019ouverture peut \u00eatre imm\u00e9diate entre 10\u00b0 et 12\u00b0, id\u00e9al en ap\u00e9ritif, avec les charcuteries, les coquillages, les entr\u00e9es salades, quiches, les poissons et viandes blanches grill\u00e9es, les fromages de ch\u00e8vres, tomes.<\/p>\t\t\t\t\t\t\t\t<\/div>\n\t\t\t\t<\/div>\n\t\t\t\t<div class=\"elementor-element elementor-element-6055f51 elementor-widget elementor-widget-spacer\" data-id=\"6055f51\" data-element_type=\"widget\" data-widget_type=\"spacer.default\">\n\t\t\t\t<div class=\"elementor-widget-container\">\n\t\t\t\t\t\t\t<div class=\"elementor-spacer\">\n\t\t\t<div class=\"elementor-spacer-inner\"><\/div>\n\t\t<\/div>\n\t\t\t\t\t\t<\/div>\n\t\t\t\t<\/div>\n\t\t\t\t\t<\/div>\n\t\t<\/div>\n\t\t\t\t\t<\/div>\n\t\t<\/section>\n\t\t\t\t<\/div>","protected":false},"excerpt":{"rendered":"<p style=\"text-align: left;\">This pure, precise cuv\u00e9e represents Pouilly terroir where clay and marls \nbring fullness and Solutr\u00e9 terroir where limestone gives minerality.<\/p>","protected":false},"featured_media":1669,"comment_status":"open","ping_status":"closed","template":"","meta":{"_acf_changed":false},"product_brand":[],"product_cat":[19],"product_tag":[],"class_list":{"0":"post-264","1":"product","2":"type-product","3":"status-publish","4":"has-post-thumbnail","6":"product_cat-pouilly-fuisse","8":"first","9":"instock","10":"shipping-taxable","11":"purchasable","12":"product-type-simple"},"acf":[],"yoast_head":"<!-- This site is optimized with the Yoast SEO plugin v27.2 - https:\/\/yoast.com\/product\/yoast-seo-wordpress\/ -->\n<title>Pouilly-Fuiss\u00e9 &quot;Terroir&quot; - Domaine S\u00e8ve Pouilly Fuiss\u00e9<\/title>\n<meta name=\"description\" content=\"Pouilly-Fuiss\u00e9 &quot;Terroir&quot; D\u00e9couvrez le domaine Jean-Pierre S\u00e8ve, producteur de POUILLY-FUISSE et MACON SOLUTRE, vin de Bourgogne\" \/>\n<meta name=\"robots\" content=\"index, follow, max-snippet:-1, max-image-preview:large, max-video-preview:-1\" \/>\n<link rel=\"canonical\" href=\"https:\/\/www.domaineseve.com\/en\/nos-vins\/pouilly-fuisse-terroir\/\" \/>\n<meta property=\"og:locale\" content=\"en_GB\" \/>\n<meta property=\"og:type\" content=\"article\" \/>\n<meta property=\"og:title\" content=\"Pouilly-Fuiss\u00e9 &quot;Terroir&quot; - Domaine S\u00e8ve Pouilly Fuiss\u00e9\" \/>\n<meta property=\"og:description\" content=\"Pouilly-Fuiss\u00e9 &quot;Terroir&quot; D\u00e9couvrez le domaine Jean-Pierre S\u00e8ve, producteur de POUILLY-FUISSE et MACON SOLUTRE, vin de Bourgogne\" \/>\n<meta property=\"og:url\" content=\"https:\/\/www.domaineseve.com\/en\/nos-vins\/pouilly-fuisse-terroir\/\" \/>\n<meta property=\"og:site_name\" content=\"Domaine S\u00e8ve Pouilly Fuiss\u00e9\" \/>\n<meta property=\"article:modified_time\" content=\"2025-11-18T14:32:16+00:00\" \/>\n<meta property=\"og:image\" content=\"https:\/\/www.domaineseve.com\/wp-content\/uploads\/2020\/07\/pouilly-terroir-2022.png\" \/>\n\t<meta property=\"og:image:width\" content=\"1000\" \/>\n\t<meta property=\"og:image:height\" content=\"1000\" \/>\n\t<meta property=\"og:image:type\" content=\"image\/png\" \/>\n<meta name=\"twitter:card\" content=\"summary_large_image\" \/>\n<meta name=\"twitter:label1\" content=\"Estimated reading time\" \/>\n\t<meta name=\"twitter:data1\" content=\"1 minute\" \/>\n<script type=\"application\/ld+json\" class=\"yoast-schema-graph\">{\"@context\":\"https:\/\/schema.org\",\"@graph\":[{\"@type\":\"WebPage\",\"@id\":\"https:\/\/www.domaineseve.com\/nos-vins\/pouilly-fuisse-terroir\/\",\"url\":\"https:\/\/www.domaineseve.com\/nos-vins\/pouilly-fuisse-terroir\/\",\"name\":\"Pouilly-Fuiss\u00e9 \\\"Terroir\\\" - Domaine S\u00e8ve Pouilly Fuiss\u00e9\",\"isPartOf\":{\"@id\":\"https:\/\/www.domaineseve.com\/#website\"},\"primaryImageOfPage\":{\"@id\":\"https:\/\/www.domaineseve.com\/nos-vins\/pouilly-fuisse-terroir\/#primaryimage\"},\"image\":{\"@id\":\"https:\/\/www.domaineseve.com\/nos-vins\/pouilly-fuisse-terroir\/#primaryimage\"},\"thumbnailUrl\":\"https:\/\/www.domaineseve.com\/wp-content\/uploads\/2020\/07\/pouilly-terroir-2022.png\",\"datePublished\":\"2020-07-04T11:31:31+00:00\",\"dateModified\":\"2025-11-18T14:32:16+00:00\",\"description\":\"Pouilly-Fuiss\u00e9 \\\"Terroir\\\" D\u00e9couvrez le domaine Jean-Pierre S\u00e8ve, producteur de POUILLY-FUISSE et MACON SOLUTRE, vin de Bourgogne\",\"breadcrumb\":{\"@id\":\"https:\/\/www.domaineseve.com\/nos-vins\/pouilly-fuisse-terroir\/#breadcrumb\"},\"inLanguage\":\"en-GB\",\"potentialAction\":[{\"@type\":\"ReadAction\",\"target\":[\"https:\/\/www.domaineseve.com\/nos-vins\/pouilly-fuisse-terroir\/\"]}]},{\"@type\":\"ImageObject\",\"inLanguage\":\"en-GB\",\"@id\":\"https:\/\/www.domaineseve.com\/nos-vins\/pouilly-fuisse-terroir\/#primaryimage\",\"url\":\"https:\/\/www.domaineseve.com\/wp-content\/uploads\/2020\/07\/pouilly-terroir-2022.png\",\"contentUrl\":\"https:\/\/www.domaineseve.com\/wp-content\/uploads\/2020\/07\/pouilly-terroir-2022.png\",\"width\":1000,\"height\":1000,\"caption\":\"pouilly-terroir-2022\"},{\"@type\":\"BreadcrumbList\",\"@id\":\"https:\/\/www.domaineseve.com\/nos-vins\/pouilly-fuisse-terroir\/#breadcrumb\",\"itemListElement\":[{\"@type\":\"ListItem\",\"position\":1,\"name\":\"Accueil\",\"item\":\"https:\/\/www.domaineseve.com\/\"},{\"@type\":\"ListItem\",\"position\":2,\"name\":\"Boutique\",\"item\":\"https:\/\/www.domaineseve.com\/en\/boutique\/\"},{\"@type\":\"ListItem\",\"position\":3,\"name\":\"Pouilly-Fuiss\u00e9 \u00ab\u00a0Terroir\u00a0\u00bb\"}]},{\"@type\":\"WebSite\",\"@id\":\"https:\/\/www.domaineseve.com\/#website\",\"url\":\"https:\/\/www.domaineseve.com\/\",\"name\":\"Domaine S\u00e8ve Pouilly Fuiss\u00e9\",\"description\":\"Pouilly Fuiss\u00e9 Vins de Bourgogne\",\"potentialAction\":[{\"@type\":\"SearchAction\",\"target\":{\"@type\":\"EntryPoint\",\"urlTemplate\":\"https:\/\/www.domaineseve.com\/?s={search_term_string}\"},\"query-input\":{\"@type\":\"PropertyValueSpecification\",\"valueRequired\":true,\"valueName\":\"search_term_string\"}}],\"inLanguage\":\"en-GB\"}]}<\/script>\n<!-- \/ Yoast SEO plugin. -->","yoast_head_json":{"title":"Pouilly-Fuiss\u00e9 \"Terroir\" - Domaine S\u00e8ve Pouilly Fuiss\u00e9","description":"Pouilly-Fuiss\u00e9 \"Terroir\" D\u00e9couvrez le domaine Jean-Pierre S\u00e8ve, producteur de POUILLY-FUISSE et MACON SOLUTRE, vin de Bourgogne","robots":{"index":"index","follow":"follow","max-snippet":"max-snippet:-1","max-image-preview":"max-image-preview:large","max-video-preview":"max-video-preview:-1"},"canonical":"https:\/\/www.domaineseve.com\/en\/nos-vins\/pouilly-fuisse-terroir\/","og_locale":"en_GB","og_type":"article","og_title":"Pouilly-Fuiss\u00e9 \"Terroir\" - Domaine S\u00e8ve Pouilly Fuiss\u00e9","og_description":"Pouilly-Fuiss\u00e9 \"Terroir\" D\u00e9couvrez le domaine Jean-Pierre S\u00e8ve, producteur de POUILLY-FUISSE et MACON SOLUTRE, vin de Bourgogne","og_url":"https:\/\/www.domaineseve.com\/en\/nos-vins\/pouilly-fuisse-terroir\/","og_site_name":"Domaine S\u00e8ve Pouilly Fuiss\u00e9","article_modified_time":"2025-11-18T14:32:16+00:00","og_image":[{"width":1000,"height":1000,"url":"https:\/\/www.domaineseve.com\/wp-content\/uploads\/2020\/07\/pouilly-terroir-2022.png","type":"image\/png"}],"twitter_card":"summary_large_image","twitter_misc":{"Estimated reading time":"1 minute"},"schema":{"@context":"https:\/\/schema.org","@graph":[{"@type":"WebPage","@id":"https:\/\/www.domaineseve.com\/nos-vins\/pouilly-fuisse-terroir\/","url":"https:\/\/www.domaineseve.com\/nos-vins\/pouilly-fuisse-terroir\/","name":"Pouilly-Fuiss\u00e9 \"Terroir\" - Domaine S\u00e8ve Pouilly Fuiss\u00e9","isPartOf":{"@id":"https:\/\/www.domaineseve.com\/#website"},"primaryImageOfPage":{"@id":"https:\/\/www.domaineseve.com\/nos-vins\/pouilly-fuisse-terroir\/#primaryimage"},"image":{"@id":"https:\/\/www.domaineseve.com\/nos-vins\/pouilly-fuisse-terroir\/#primaryimage"},"thumbnailUrl":"https:\/\/www.domaineseve.com\/wp-content\/uploads\/2020\/07\/pouilly-terroir-2022.png","datePublished":"2020-07-04T11:31:31+00:00","dateModified":"2025-11-18T14:32:16+00:00","description":"Pouilly-Fuiss\u00e9 \"Terroir\" D\u00e9couvrez le domaine Jean-Pierre S\u00e8ve, producteur de POUILLY-FUISSE et MACON SOLUTRE, vin de Bourgogne","breadcrumb":{"@id":"https:\/\/www.domaineseve.com\/nos-vins\/pouilly-fuisse-terroir\/#breadcrumb"},"inLanguage":"en-GB","potentialAction":[{"@type":"ReadAction","target":["https:\/\/www.domaineseve.com\/nos-vins\/pouilly-fuisse-terroir\/"]}]},{"@type":"ImageObject","inLanguage":"en-GB","@id":"https:\/\/www.domaineseve.com\/nos-vins\/pouilly-fuisse-terroir\/#primaryimage","url":"https:\/\/www.domaineseve.com\/wp-content\/uploads\/2020\/07\/pouilly-terroir-2022.png","contentUrl":"https:\/\/www.domaineseve.com\/wp-content\/uploads\/2020\/07\/pouilly-terroir-2022.png","width":1000,"height":1000,"caption":"pouilly-terroir-2022"},{"@type":"BreadcrumbList","@id":"https:\/\/www.domaineseve.com\/nos-vins\/pouilly-fuisse-terroir\/#breadcrumb","itemListElement":[{"@type":"ListItem","position":1,"name":"Accueil","item":"https:\/\/www.domaineseve.com\/"},{"@type":"ListItem","position":2,"name":"Boutique","item":"https:\/\/www.domaineseve.com\/en\/boutique\/"},{"@type":"ListItem","position":3,"name":"Pouilly-Fuiss\u00e9 \u00ab\u00a0Terroir\u00a0\u00bb"}]},{"@type":"WebSite","@id":"https:\/\/www.domaineseve.com\/#website","url":"https:\/\/www.domaineseve.com\/","name":"Domaine S\u00e8ve Pouilly Fuiss\u00e9","description":"Pouilly Fuiss\u00e9 Vins de Bourgogne","potentialAction":[{"@type":"SearchAction","target":{"@type":"EntryPoint","urlTemplate":"https:\/\/www.domaineseve.com\/?s={search_term_string}"},"query-input":{"@type":"PropertyValueSpecification","valueRequired":true,"valueName":"search_term_string"}}],"inLanguage":"en-GB"}]}},"_links":{"self":[{"href":"https:\/\/www.domaineseve.com\/en\/wp-json\/wp\/v2\/product\/264","targetHints":{"allow":["GET"]}}],"collection":[{"href":"https:\/\/www.domaineseve.com\/en\/wp-json\/wp\/v2\/product"}],"about":[{"href":"https:\/\/www.domaineseve.com\/en\/wp-json\/wp\/v2\/types\/product"}],"replies":[{"embeddable":true,"href":"https:\/\/www.domaineseve.com\/en\/wp-json\/wp\/v2\/comments?post=264"}],"version-history":[{"count":26,"href":"https:\/\/www.domaineseve.com\/en\/wp-json\/wp\/v2\/product\/264\/revisions"}],"predecessor-version":[{"id":2382,"href":"https:\/\/www.domaineseve.com\/en\/wp-json\/wp\/v2\/product\/264\/revisions\/2382"}],"wp:featuredmedia":[{"embeddable":true,"href":"https:\/\/www.domaineseve.com\/en\/wp-json\/wp\/v2\/media\/1669"}],"wp:attachment":[{"href":"https:\/\/www.domaineseve.com\/en\/wp-json\/wp\/v2\/media?parent=264"}],"wp:term":[{"taxonomy":"product_brand","embeddable":true,"href":"https:\/\/www.domaineseve.com\/en\/wp-json\/wp\/v2\/product_brand?post=264"},{"taxonomy":"product_cat","embeddable":true,"href":"https:\/\/www.domaineseve.com\/en\/wp-json\/wp\/v2\/product_cat?post=264"},{"taxonomy":"product_tag","embeddable":true,"href":"https:\/\/www.domaineseve.com\/en\/wp-json\/wp\/v2\/product_tag?post=264"}],"curies":[{"name":"wp","href":"https:\/\/api.w.org\/{rel}","templated":true}]}}