{"id":274,"date":"2020-07-04T13:39:33","date_gmt":"2020-07-04T11:39:33","guid":{"rendered":"http:\/\/prod.vins-seve.com\/?post_type=product&#038;p=274"},"modified":"2025-12-22T14:49:39","modified_gmt":"2025-12-22T13:49:39","slug":"pouilly-fuisse-anthilde","status":"publish","type":"product","link":"https:\/\/www.domaineseve.com\/en\/nos-vins\/pouilly-fuisse-anthilde\/","title":{"rendered":"Pouilly-Fuiss\u00e9 \u00ab\u00a0Anthilde\u00a0\u00bb"},"content":{"rendered":"","protected":false},"excerpt":{"rendered":"<p>La cuv\u00e9e \u00ab Anthilde \u00bb est issue de 3 parcelles s\u00e9lectionn\u00e9es pour leur origine (pr\u00e9sence de calcaire blanc) dans laquelle s\u2019exprime toute la finesse, la subtilit\u00e9 et le raffinement. Un \u00e9levage strict donne \u00e0 ce vin toute la noblesse d\u2019un grand de Bourgogne.<\/p>","protected":false},"featured_media":1672,"comment_status":"open","ping_status":"closed","template":"","meta":{"_acf_changed":false},"product_brand":[],"product_cat":[19],"product_tag":[],"class_list":{"0":"post-274","1":"product","2":"type-product","3":"status-publish","4":"has-post-thumbnail","6":"product_cat-pouilly-fuisse","8":"first","9":"instock","10":"shipping-taxable","11":"purchasable","12":"product-type-simple"},"acf":[],"yoast_head":"<!-- This site is optimized with the Yoast SEO plugin v27.2 - https:\/\/yoast.com\/product\/yoast-seo-wordpress\/ -->\n<title>Pouilly-Fuiss\u00e9 &quot;Anthilde&quot; - Domaine S\u00e8ve Pouilly Fuiss\u00e9<\/title>\n<meta name=\"description\" content=\"Pouilly-Fuiss\u00e9 &quot;Anthilde&quot; D\u00e9couvrez le domaine S\u00e8ve, producteur de POUILLY-FUISS\u00c9 et M\u00c2CON SOLUTR\u00c9-POUILLY, vin de Bourgogne\" \/>\n<meta name=\"robots\" content=\"index, follow, max-snippet:-1, max-image-preview:large, max-video-preview:-1\" \/>\n<link rel=\"canonical\" href=\"https:\/\/www.domaineseve.com\/en\/nos-vins\/pouilly-fuisse-anthilde\/\" \/>\n<meta property=\"og:locale\" content=\"en_GB\" \/>\n<meta property=\"og:type\" content=\"article\" \/>\n<meta property=\"og:title\" content=\"Pouilly-Fuiss\u00e9 &quot;Anthilde&quot; - Domaine S\u00e8ve Pouilly Fuiss\u00e9\" \/>\n<meta property=\"og:description\" content=\"Pouilly-Fuiss\u00e9 &quot;Anthilde&quot; D\u00e9couvrez le domaine S\u00e8ve, producteur de POUILLY-FUISS\u00c9 et M\u00c2CON SOLUTR\u00c9-POUILLY, vin de Bourgogne\" \/>\n<meta property=\"og:url\" content=\"https:\/\/www.domaineseve.com\/en\/nos-vins\/pouilly-fuisse-anthilde\/\" \/>\n<meta property=\"og:site_name\" content=\"Domaine S\u00e8ve Pouilly Fuiss\u00e9\" \/>\n<meta property=\"article:modified_time\" content=\"2025-12-22T13:49:39+00:00\" \/>\n<meta property=\"og:image\" content=\"https:\/\/www.domaineseve.com\/wp-content\/uploads\/2022\/01\/pouilly-fuisse-anthilde-2022.png\" \/>\n\t<meta property=\"og:image:width\" content=\"1000\" \/>\n\t<meta property=\"og:image:height\" content=\"1000\" \/>\n\t<meta property=\"og:image:type\" content=\"image\/png\" \/>\n<meta name=\"twitter:card\" content=\"summary_large_image\" \/>\n<meta name=\"twitter:label1\" content=\"Estimated reading time\" \/>\n\t<meta name=\"twitter:data1\" content=\"1 minute\" \/>\n<script type=\"application\/ld+json\" class=\"yoast-schema-graph\">{\"@context\":\"https:\/\/schema.org\",\"@graph\":[{\"@type\":\"WebPage\",\"@id\":\"https:\/\/www.domaineseve.com\/nos-vins\/pouilly-fuisse-anthilde\/\",\"url\":\"https:\/\/www.domaineseve.com\/nos-vins\/pouilly-fuisse-anthilde\/\",\"name\":\"Pouilly-Fuiss\u00e9 \\\"Anthilde\\\" - Domaine S\u00e8ve Pouilly Fuiss\u00e9\",\"isPartOf\":{\"@id\":\"https:\/\/www.domaineseve.com\/#website\"},\"primaryImageOfPage\":{\"@id\":\"https:\/\/www.domaineseve.com\/nos-vins\/pouilly-fuisse-anthilde\/#primaryimage\"},\"image\":{\"@id\":\"https:\/\/www.domaineseve.com\/nos-vins\/pouilly-fuisse-anthilde\/#primaryimage\"},\"thumbnailUrl\":\"https:\/\/www.domaineseve.com\/wp-content\/uploads\/2022\/01\/pouilly-fuisse-anthilde-2022.png\",\"datePublished\":\"2020-07-04T11:39:33+00:00\",\"dateModified\":\"2025-12-22T13:49:39+00:00\",\"description\":\"Pouilly-Fuiss\u00e9 \\\"Anthilde\\\" D\u00e9couvrez le domaine S\u00e8ve, producteur de POUILLY-FUISS\u00c9 et M\u00c2CON SOLUTR\u00c9-POUILLY, vin de Bourgogne\",\"breadcrumb\":{\"@id\":\"https:\/\/www.domaineseve.com\/nos-vins\/pouilly-fuisse-anthilde\/#breadcrumb\"},\"inLanguage\":\"en-GB\",\"potentialAction\":[{\"@type\":\"ReadAction\",\"target\":[\"https:\/\/www.domaineseve.com\/nos-vins\/pouilly-fuisse-anthilde\/\"]}]},{\"@type\":\"ImageObject\",\"inLanguage\":\"en-GB\",\"@id\":\"https:\/\/www.domaineseve.com\/nos-vins\/pouilly-fuisse-anthilde\/#primaryimage\",\"url\":\"https:\/\/www.domaineseve.com\/wp-content\/uploads\/2022\/01\/pouilly-fuisse-anthilde-2022.png\",\"contentUrl\":\"https:\/\/www.domaineseve.com\/wp-content\/uploads\/2022\/01\/pouilly-fuisse-anthilde-2022.png\",\"width\":1000,\"height\":1000,\"caption\":\"pouilly-fuiss\u00e9-anthilde-2022\"},{\"@type\":\"BreadcrumbList\",\"@id\":\"https:\/\/www.domaineseve.com\/nos-vins\/pouilly-fuisse-anthilde\/#breadcrumb\",\"itemListElement\":[{\"@type\":\"ListItem\",\"position\":1,\"name\":\"Accueil\",\"item\":\"https:\/\/www.domaineseve.com\/\"},{\"@type\":\"ListItem\",\"position\":2,\"name\":\"Boutique\",\"item\":\"https:\/\/www.domaineseve.com\/en\/boutique\/\"},{\"@type\":\"ListItem\",\"position\":3,\"name\":\"Pouilly-Fuiss\u00e9 \u00ab\u00a0Anthilde\u00a0\u00bb\"}]},{\"@type\":\"WebSite\",\"@id\":\"https:\/\/www.domaineseve.com\/#website\",\"url\":\"https:\/\/www.domaineseve.com\/\",\"name\":\"Domaine S\u00e8ve Pouilly Fuiss\u00e9\",\"description\":\"Pouilly Fuiss\u00e9 Vins de Bourgogne\",\"potentialAction\":[{\"@type\":\"SearchAction\",\"target\":{\"@type\":\"EntryPoint\",\"urlTemplate\":\"https:\/\/www.domaineseve.com\/?s={search_term_string}\"},\"query-input\":{\"@type\":\"PropertyValueSpecification\",\"valueRequired\":true,\"valueName\":\"search_term_string\"}}],\"inLanguage\":\"en-GB\"}]}<\/script>\n<!-- \/ Yoast SEO plugin. -->","yoast_head_json":{"title":"Pouilly-Fuiss\u00e9 \"Anthilde\" - Domaine S\u00e8ve Pouilly Fuiss\u00e9","description":"Pouilly-Fuiss\u00e9 \"Anthilde\" D\u00e9couvrez le domaine S\u00e8ve, producteur de POUILLY-FUISS\u00c9 et M\u00c2CON SOLUTR\u00c9-POUILLY, vin de Bourgogne","robots":{"index":"index","follow":"follow","max-snippet":"max-snippet:-1","max-image-preview":"max-image-preview:large","max-video-preview":"max-video-preview:-1"},"canonical":"https:\/\/www.domaineseve.com\/en\/nos-vins\/pouilly-fuisse-anthilde\/","og_locale":"en_GB","og_type":"article","og_title":"Pouilly-Fuiss\u00e9 \"Anthilde\" - Domaine S\u00e8ve Pouilly Fuiss\u00e9","og_description":"Pouilly-Fuiss\u00e9 \"Anthilde\" D\u00e9couvrez le domaine S\u00e8ve, producteur de POUILLY-FUISS\u00c9 et M\u00c2CON SOLUTR\u00c9-POUILLY, vin de Bourgogne","og_url":"https:\/\/www.domaineseve.com\/en\/nos-vins\/pouilly-fuisse-anthilde\/","og_site_name":"Domaine S\u00e8ve Pouilly Fuiss\u00e9","article_modified_time":"2025-12-22T13:49:39+00:00","og_image":[{"width":1000,"height":1000,"url":"https:\/\/www.domaineseve.com\/wp-content\/uploads\/2022\/01\/pouilly-fuisse-anthilde-2022.png","type":"image\/png"}],"twitter_card":"summary_large_image","twitter_misc":{"Estimated reading time":"1 minute"},"schema":{"@context":"https:\/\/schema.org","@graph":[{"@type":"WebPage","@id":"https:\/\/www.domaineseve.com\/nos-vins\/pouilly-fuisse-anthilde\/","url":"https:\/\/www.domaineseve.com\/nos-vins\/pouilly-fuisse-anthilde\/","name":"Pouilly-Fuiss\u00e9 \"Anthilde\" - Domaine S\u00e8ve Pouilly Fuiss\u00e9","isPartOf":{"@id":"https:\/\/www.domaineseve.com\/#website"},"primaryImageOfPage":{"@id":"https:\/\/www.domaineseve.com\/nos-vins\/pouilly-fuisse-anthilde\/#primaryimage"},"image":{"@id":"https:\/\/www.domaineseve.com\/nos-vins\/pouilly-fuisse-anthilde\/#primaryimage"},"thumbnailUrl":"https:\/\/www.domaineseve.com\/wp-content\/uploads\/2022\/01\/pouilly-fuisse-anthilde-2022.png","datePublished":"2020-07-04T11:39:33+00:00","dateModified":"2025-12-22T13:49:39+00:00","description":"Pouilly-Fuiss\u00e9 \"Anthilde\" D\u00e9couvrez le domaine S\u00e8ve, producteur de POUILLY-FUISS\u00c9 et M\u00c2CON SOLUTR\u00c9-POUILLY, vin de Bourgogne","breadcrumb":{"@id":"https:\/\/www.domaineseve.com\/nos-vins\/pouilly-fuisse-anthilde\/#breadcrumb"},"inLanguage":"en-GB","potentialAction":[{"@type":"ReadAction","target":["https:\/\/www.domaineseve.com\/nos-vins\/pouilly-fuisse-anthilde\/"]}]},{"@type":"ImageObject","inLanguage":"en-GB","@id":"https:\/\/www.domaineseve.com\/nos-vins\/pouilly-fuisse-anthilde\/#primaryimage","url":"https:\/\/www.domaineseve.com\/wp-content\/uploads\/2022\/01\/pouilly-fuisse-anthilde-2022.png","contentUrl":"https:\/\/www.domaineseve.com\/wp-content\/uploads\/2022\/01\/pouilly-fuisse-anthilde-2022.png","width":1000,"height":1000,"caption":"pouilly-fuiss\u00e9-anthilde-2022"},{"@type":"BreadcrumbList","@id":"https:\/\/www.domaineseve.com\/nos-vins\/pouilly-fuisse-anthilde\/#breadcrumb","itemListElement":[{"@type":"ListItem","position":1,"name":"Accueil","item":"https:\/\/www.domaineseve.com\/"},{"@type":"ListItem","position":2,"name":"Boutique","item":"https:\/\/www.domaineseve.com\/en\/boutique\/"},{"@type":"ListItem","position":3,"name":"Pouilly-Fuiss\u00e9 \u00ab\u00a0Anthilde\u00a0\u00bb"}]},{"@type":"WebSite","@id":"https:\/\/www.domaineseve.com\/#website","url":"https:\/\/www.domaineseve.com\/","name":"Domaine S\u00e8ve Pouilly Fuiss\u00e9","description":"Pouilly Fuiss\u00e9 Vins de Bourgogne","potentialAction":[{"@type":"SearchAction","target":{"@type":"EntryPoint","urlTemplate":"https:\/\/www.domaineseve.com\/?s={search_term_string}"},"query-input":{"@type":"PropertyValueSpecification","valueRequired":true,"valueName":"search_term_string"}}],"inLanguage":"en-GB"}]}},"_links":{"self":[{"href":"https:\/\/www.domaineseve.com\/en\/wp-json\/wp\/v2\/product\/274","targetHints":{"allow":["GET"]}}],"collection":[{"href":"https:\/\/www.domaineseve.com\/en\/wp-json\/wp\/v2\/product"}],"about":[{"href":"https:\/\/www.domaineseve.com\/en\/wp-json\/wp\/v2\/types\/product"}],"replies":[{"embeddable":true,"href":"https:\/\/www.domaineseve.com\/en\/wp-json\/wp\/v2\/comments?post=274"}],"version-history":[{"count":24,"href":"https:\/\/www.domaineseve.com\/en\/wp-json\/wp\/v2\/product\/274\/revisions"}],"predecessor-version":[{"id":2395,"href":"https:\/\/www.domaineseve.com\/en\/wp-json\/wp\/v2\/product\/274\/revisions\/2395"}],"wp:featuredmedia":[{"embeddable":true,"href":"https:\/\/www.domaineseve.com\/en\/wp-json\/wp\/v2\/media\/1672"}],"wp:attachment":[{"href":"https:\/\/www.domaineseve.com\/en\/wp-json\/wp\/v2\/media?parent=274"}],"wp:term":[{"taxonomy":"product_brand","embeddable":true,"href":"https:\/\/www.domaineseve.com\/en\/wp-json\/wp\/v2\/product_brand?post=274"},{"taxonomy":"product_cat","embeddable":true,"href":"https:\/\/www.domaineseve.com\/en\/wp-json\/wp\/v2\/product_cat?post=274"},{"taxonomy":"product_tag","embeddable":true,"href":"https:\/\/www.domaineseve.com\/en\/wp-json\/wp\/v2\/product_tag?post=274"}],"curies":[{"name":"wp","href":"https:\/\/api.w.org\/{rel}","templated":true}]}}