{"id":277,"date":"2020-07-04T13:41:01","date_gmt":"2020-07-04T11:41:01","guid":{"rendered":"http:\/\/prod.vins-seve.com\/?post_type=product&#038;p=277"},"modified":"2026-03-23T16:19:50","modified_gmt":"2026-03-23T15:19:50","slug":"vin-macon-solutre","status":"publish","type":"product","link":"https:\/\/www.domaineseve.com\/en\/nos-vins\/vin-macon-solutre\/","title":{"rendered":"M\u00e2con Solutr\u00e9-Pouilly"},"content":{"rendered":"<div data-elementor-type=\"product-post\" data-elementor-id=\"277\" class=\"elementor elementor-277\" data-elementor-post-type=\"product\">\n\t\t\t\t\t\t<section class=\"elementor-section elementor-top-section elementor-element elementor-element-777762f6 elementor-section-boxed elementor-section-height-default elementor-section-height-default\" data-id=\"777762f6\" data-element_type=\"section\">\n\t\t\t\t\t\t<div class=\"elementor-container elementor-column-gap-default\">\n\t\t\t\t\t<div class=\"elementor-column elementor-col-100 elementor-top-column elementor-element elementor-element-7b7cc808\" data-id=\"7b7cc808\" data-element_type=\"column\">\n\t\t\t<div class=\"elementor-widget-wrap elementor-element-populated\">\n\t\t\t\t\t\t<div class=\"elementor-element elementor-element-130bb641 elementor-widget elementor-widget-text-editor\" data-id=\"130bb641\" data-element_type=\"widget\" data-widget_type=\"text-editor.default\">\n\t\t\t\t<div class=\"elementor-widget-container\">\n\t\t\t\t\t\t\t\t\tCe M\u00e2con-Solutr\u00e9\u00a0 tr\u00e8s fruit\u00e9 aux notes d\u2019agrumes et de fruits frais est issu de parcelles argilo calcaire situ\u00e9es sur la commune de Solutr\u00e9-Pouilly, il b\u00e9n\u00e9ficie du tr\u00e8s beau terroir de son c\u00e9l\u00e8bre grand fr\u00e8re Pouilly-Fuiss\u00e9.\r\n\r\nParfait pour accompagner les ap\u00e9ritifs d\u00eenatoires, les salades \u00ab am\u00e9lior\u00e9es \u00bb, les fromages de\r\nch\u00e8vres secs\u2026\t\t\t\t\t\t\t\t<\/div>\n\t\t\t\t<\/div>\n\t\t\t\t\t<\/div>\n\t\t<\/div>\n\t\t\t\t\t<\/div>\n\t\t<\/section>\n\t\t\t\t<section class=\"elementor-section elementor-top-section elementor-element elementor-element-c2daed3 elementor-section-boxed elementor-section-height-default elementor-section-height-default\" data-id=\"c2daed3\" data-element_type=\"section\">\n\t\t\t\t\t\t<div class=\"elementor-container elementor-column-gap-default\">\n\t\t\t\t\t<div class=\"elementor-column elementor-col-100 elementor-top-column elementor-element elementor-element-1177739\" data-id=\"1177739\" data-element_type=\"column\">\n\t\t\t<div class=\"elementor-widget-wrap elementor-element-populated\">\n\t\t\t\t\t\t<div class=\"elementor-element elementor-element-5213a90 elementor-show-heading-yes elementor-widget elementor-widget-woocommerce-product-additional-information\" data-id=\"5213a90\" data-element_type=\"widget\" data-widget_type=\"woocommerce-product-additional-information.default\">\n\t\t\t\t<div class=\"elementor-widget-container\">\n\t\t\t\t\t\n\t<h2 data-no-translation=\"\" data-trp-gettext=\"\">Additional information<\/h2>\n\n<table class=\"woocommerce-product-attributes shop_attributes\" aria-label=\"Product Details\" data-no-translation-aria-label=\"\">\n\t\t\t<tr class=\"woocommerce-product-attributes-item woocommerce-product-attributes-item--weight\">\n\t\t\t<th class=\"woocommerce-product-attributes-item__label\" scope=\"row\" data-no-translation=\"\" data-trp-gettext=\"\">Weight<\/th>\n\t\t\t<td class=\"woocommerce-product-attributes-item__value\">1 kg<\/td>\n\t\t<\/tr>\n\t\t\t<tr class=\"woocommerce-product-attributes-item woocommerce-product-attributes-item--attribute_couleur\">\n\t\t\t<th class=\"woocommerce-product-attributes-item__label\" scope=\"row\">Colour<\/th>\n\t\t\t<td class=\"woocommerce-product-attributes-item__value\"><p>White<\/p>\n<\/td>\n\t\t<\/tr>\n\t\t\t<tr class=\"woocommerce-product-attributes-item woocommerce-product-attributes-item--attribute_nez\">\n\t\t\t<th class=\"woocommerce-product-attributes-item__label\" scope=\"row\">Nose<\/th>\n\t\t\t<td class=\"woocommerce-product-attributes-item__value\"><p>Ar\u00f4mes de fruits frais<\/p>\n<\/td>\n\t\t<\/tr>\n\t\t\t<tr class=\"woocommerce-product-attributes-item woocommerce-product-attributes-item--attribute_bouche\">\n\t\t\t<th class=\"woocommerce-product-attributes-item__label\" scope=\"row\">Palate<\/th>\n\t\t\t<td class=\"woocommerce-product-attributes-item__value\"><p>Agrumes, ananas, pamplemousse<\/p>\n<\/td>\n\t\t<\/tr>\n\t\t\t<tr class=\"woocommerce-product-attributes-item woocommerce-product-attributes-item--attribute_garde\">\n\t\t\t<th class=\"woocommerce-product-attributes-item__label\" scope=\"row\">Long-keeping wine<\/th>\n\t\t\t<td class=\"woocommerce-product-attributes-item__value\"><p>3 ans<\/p>\n<\/td>\n\t\t<\/tr>\n\t\t\t<tr class=\"woocommerce-product-attributes-item woocommerce-product-attributes-item--attribute_accords\">\n\t\t\t<th class=\"woocommerce-product-attributes-item__label\" scope=\"row\">Pairings<\/th>\n\t\t\t<td class=\"woocommerce-product-attributes-item__value\"><p>Ap\u00e9ritif, salades gourmandes, quiches fromage de ch\u00e8vres secs<\/p>\n<\/td>\n\t\t<\/tr>\n\t\t\t<tr class=\"woocommerce-product-attributes-item woocommerce-product-attributes-item--attribute_service\">\n\t\t\t<th class=\"woocommerce-product-attributes-item__label\" scope=\"row\">Serving<\/th>\n\t\t\t<td class=\"woocommerce-product-attributes-item__value\"><p>11\u00b0<\/p>\n<\/td>\n\t\t<\/tr>\n\t\t\t<tr class=\"woocommerce-product-attributes-item woocommerce-product-attributes-item--attribute_vignoble\">\n\t\t\t<th class=\"woocommerce-product-attributes-item__label\" scope=\"row\">Vineyard<\/th>\n\t\t\t<td class=\"woocommerce-product-attributes-item__value\"><p>BOURGOGNE \u2013 M\u00e2con-Solutr\u00e9 : 1 hectare<\/p>\n<\/td>\n\t\t<\/tr>\n\t\t\t<tr class=\"woocommerce-product-attributes-item woocommerce-product-attributes-item--attribute_sol\">\n\t\t\t<th class=\"woocommerce-product-attributes-item__label\" scope=\"row\">Soil<\/th>\n\t\t\t<td class=\"woocommerce-product-attributes-item__value\"><p>Clay-limestone<\/p>\n<\/td>\n\t\t<\/tr>\n\t\t\t<tr class=\"woocommerce-product-attributes-item woocommerce-product-attributes-item--attribute_densit%c3%a9-de-plantation\">\n\t\t\t<th class=\"woocommerce-product-attributes-item__label\" scope=\"row\">Planting density<\/th>\n\t\t\t<td class=\"woocommerce-product-attributes-item__value\"><p>8000 vines\/ha<\/p>\n<\/td>\n\t\t<\/tr>\n\t\t\t<tr class=\"woocommerce-product-attributes-item woocommerce-product-attributes-item--attribute_production-annuelle\">\n\t\t\t<th class=\"woocommerce-product-attributes-item__label\" scope=\"row\">Annual production<\/th>\n\t\t\t<td class=\"woocommerce-product-attributes-item__value\"><p>8 000 bouteilles<\/p>\n<\/td>\n\t\t<\/tr>\n\t\t\t<tr class=\"woocommerce-product-attributes-item woocommerce-product-attributes-item--attribute_c%c3%a9page\">\n\t\t\t<th class=\"woocommerce-product-attributes-item__label\" scope=\"row\">Grape variety<\/th>\n\t\t\t<td class=\"woocommerce-product-attributes-item__value\"><p>100% Chardonnay<\/p>\n<\/td>\n\t\t<\/tr>\n\t<\/table>\n\t\t\t\t<\/div>\n\t\t\t\t<\/div>\n\t\t\t\t\t<\/div>\n\t\t<\/div>\n\t\t\t\t\t<\/div>\n\t\t<\/section>\n\t\t\t\t<\/div>","protected":false},"excerpt":{"rendered":"<p style=\"text-align: center;\">Issu de parcelles argilo calcaire situ\u00e9es sur la commune de Solutr\u00e9-Pouilly ce M\u00e2con Solutr\u00e9-Pouilly b\u00e9n\u00e9ficie du tr\u00e8s bon terroir de son c\u00e9l\u00e8bre grand fr\u00e8re Pouilly-Fuiss\u00e9.<\/p>","protected":false},"featured_media":1671,"comment_status":"open","ping_status":"closed","template":"","meta":{"_acf_changed":false},"product_brand":[],"product_cat":[20],"product_tag":[],"class_list":{"0":"post-277","1":"product","2":"type-product","3":"status-publish","4":"has-post-thumbnail","6":"product_cat-macon-solutre","8":"first","9":"instock","10":"shipping-taxable","11":"purchasable","12":"product-type-simple"},"acf":[],"yoast_head":"<!-- This site is optimized with the Yoast SEO plugin v27.2 - https:\/\/yoast.com\/product\/yoast-seo-wordpress\/ -->\n<title>M\u00e2con Solutr\u00e9-Pouilly - Domaine S\u00e8ve Pouilly Fuiss\u00e9<\/title>\n<meta name=\"description\" content=\"M\u00e2con Solutr\u00e9-Pouilly D\u00e9couvrez le domaine S\u00e8ve, producteur de POUILLY-FUISS\u00c9 et M\u00c2CON SOLUTR\u00c9-POUILLY, vin de Bourgogne\" \/>\n<meta name=\"robots\" content=\"index, follow, max-snippet:-1, max-image-preview:large, max-video-preview:-1\" \/>\n<link rel=\"canonical\" href=\"https:\/\/www.domaineseve.com\/en\/nos-vins\/vin-macon-solutre\/\" \/>\n<meta property=\"og:locale\" content=\"en_GB\" \/>\n<meta property=\"og:type\" content=\"article\" \/>\n<meta property=\"og:title\" content=\"M\u00e2con Solutr\u00e9-Pouilly - Domaine S\u00e8ve Pouilly Fuiss\u00e9\" \/>\n<meta property=\"og:description\" content=\"M\u00e2con Solutr\u00e9-Pouilly D\u00e9couvrez le domaine S\u00e8ve, producteur de POUILLY-FUISS\u00c9 et M\u00c2CON SOLUTR\u00c9-POUILLY, vin de Bourgogne\" \/>\n<meta property=\"og:url\" content=\"https:\/\/www.domaineseve.com\/en\/nos-vins\/vin-macon-solutre\/\" \/>\n<meta property=\"og:site_name\" content=\"Domaine S\u00e8ve Pouilly Fuiss\u00e9\" \/>\n<meta property=\"article:modified_time\" content=\"2026-03-23T15:19:50+00:00\" \/>\n<meta property=\"og:image\" content=\"https:\/\/www.domaineseve.com\/wp-content\/uploads\/2022\/01\/pouilly-macon-solutre-2022.png\" \/>\n\t<meta property=\"og:image:width\" content=\"1000\" \/>\n\t<meta property=\"og:image:height\" content=\"1000\" \/>\n\t<meta property=\"og:image:type\" content=\"image\/png\" \/>\n<meta name=\"twitter:card\" content=\"summary_large_image\" \/>\n<meta name=\"twitter:label1\" content=\"Estimated reading time\" \/>\n\t<meta name=\"twitter:data1\" content=\"1 minute\" \/>\n<script type=\"application\/ld+json\" class=\"yoast-schema-graph\">{\"@context\":\"https:\/\/schema.org\",\"@graph\":[{\"@type\":\"WebPage\",\"@id\":\"https:\/\/www.domaineseve.com\/nos-vins\/vin-macon-solutre\/\",\"url\":\"https:\/\/www.domaineseve.com\/nos-vins\/vin-macon-solutre\/\",\"name\":\"M\u00e2con Solutr\u00e9-Pouilly - Domaine S\u00e8ve Pouilly Fuiss\u00e9\",\"isPartOf\":{\"@id\":\"https:\/\/www.domaineseve.com\/#website\"},\"primaryImageOfPage\":{\"@id\":\"https:\/\/www.domaineseve.com\/nos-vins\/vin-macon-solutre\/#primaryimage\"},\"image\":{\"@id\":\"https:\/\/www.domaineseve.com\/nos-vins\/vin-macon-solutre\/#primaryimage\"},\"thumbnailUrl\":\"https:\/\/www.domaineseve.com\/wp-content\/uploads\/2022\/01\/pouilly-macon-solutre-2022.png\",\"datePublished\":\"2020-07-04T11:41:01+00:00\",\"dateModified\":\"2026-03-23T15:19:50+00:00\",\"description\":\"M\u00e2con Solutr\u00e9-Pouilly D\u00e9couvrez le domaine S\u00e8ve, producteur de POUILLY-FUISS\u00c9 et M\u00c2CON SOLUTR\u00c9-POUILLY, vin de Bourgogne\",\"breadcrumb\":{\"@id\":\"https:\/\/www.domaineseve.com\/nos-vins\/vin-macon-solutre\/#breadcrumb\"},\"inLanguage\":\"en-GB\",\"potentialAction\":[{\"@type\":\"ReadAction\",\"target\":[\"https:\/\/www.domaineseve.com\/nos-vins\/vin-macon-solutre\/\"]}]},{\"@type\":\"ImageObject\",\"inLanguage\":\"en-GB\",\"@id\":\"https:\/\/www.domaineseve.com\/nos-vins\/vin-macon-solutre\/#primaryimage\",\"url\":\"https:\/\/www.domaineseve.com\/wp-content\/uploads\/2022\/01\/pouilly-macon-solutre-2022.png\",\"contentUrl\":\"https:\/\/www.domaineseve.com\/wp-content\/uploads\/2022\/01\/pouilly-macon-solutre-2022.png\",\"width\":1000,\"height\":1000,\"caption\":\"pouilly-macon-solutr\u00e9-2022\"},{\"@type\":\"BreadcrumbList\",\"@id\":\"https:\/\/www.domaineseve.com\/nos-vins\/vin-macon-solutre\/#breadcrumb\",\"itemListElement\":[{\"@type\":\"ListItem\",\"position\":1,\"name\":\"Accueil\",\"item\":\"https:\/\/www.domaineseve.com\/\"},{\"@type\":\"ListItem\",\"position\":2,\"name\":\"Boutique\",\"item\":\"https:\/\/www.domaineseve.com\/en\/boutique\/\"},{\"@type\":\"ListItem\",\"position\":3,\"name\":\"M\u00e2con Solutr\u00e9-Pouilly\"}]},{\"@type\":\"WebSite\",\"@id\":\"https:\/\/www.domaineseve.com\/#website\",\"url\":\"https:\/\/www.domaineseve.com\/\",\"name\":\"Domaine S\u00e8ve Pouilly Fuiss\u00e9\",\"description\":\"Pouilly Fuiss\u00e9 Vins de Bourgogne\",\"potentialAction\":[{\"@type\":\"SearchAction\",\"target\":{\"@type\":\"EntryPoint\",\"urlTemplate\":\"https:\/\/www.domaineseve.com\/?s={search_term_string}\"},\"query-input\":{\"@type\":\"PropertyValueSpecification\",\"valueRequired\":true,\"valueName\":\"search_term_string\"}}],\"inLanguage\":\"en-GB\"}]}<\/script>\n<!-- \/ Yoast SEO plugin. -->","yoast_head_json":{"title":"M\u00e2con Solutr\u00e9-Pouilly - Domaine S\u00e8ve Pouilly Fuiss\u00e9","description":"M\u00e2con Solutr\u00e9-Pouilly D\u00e9couvrez le domaine S\u00e8ve, producteur de POUILLY-FUISS\u00c9 et M\u00c2CON SOLUTR\u00c9-POUILLY, vin de Bourgogne","robots":{"index":"index","follow":"follow","max-snippet":"max-snippet:-1","max-image-preview":"max-image-preview:large","max-video-preview":"max-video-preview:-1"},"canonical":"https:\/\/www.domaineseve.com\/en\/nos-vins\/vin-macon-solutre\/","og_locale":"en_GB","og_type":"article","og_title":"M\u00e2con Solutr\u00e9-Pouilly - Domaine S\u00e8ve Pouilly Fuiss\u00e9","og_description":"M\u00e2con Solutr\u00e9-Pouilly D\u00e9couvrez le domaine S\u00e8ve, producteur de POUILLY-FUISS\u00c9 et M\u00c2CON SOLUTR\u00c9-POUILLY, vin de Bourgogne","og_url":"https:\/\/www.domaineseve.com\/en\/nos-vins\/vin-macon-solutre\/","og_site_name":"Domaine S\u00e8ve Pouilly Fuiss\u00e9","article_modified_time":"2026-03-23T15:19:50+00:00","og_image":[{"width":1000,"height":1000,"url":"https:\/\/www.domaineseve.com\/wp-content\/uploads\/2022\/01\/pouilly-macon-solutre-2022.png","type":"image\/png"}],"twitter_card":"summary_large_image","twitter_misc":{"Estimated reading time":"1 minute"},"schema":{"@context":"https:\/\/schema.org","@graph":[{"@type":"WebPage","@id":"https:\/\/www.domaineseve.com\/nos-vins\/vin-macon-solutre\/","url":"https:\/\/www.domaineseve.com\/nos-vins\/vin-macon-solutre\/","name":"M\u00e2con Solutr\u00e9-Pouilly - Domaine S\u00e8ve Pouilly Fuiss\u00e9","isPartOf":{"@id":"https:\/\/www.domaineseve.com\/#website"},"primaryImageOfPage":{"@id":"https:\/\/www.domaineseve.com\/nos-vins\/vin-macon-solutre\/#primaryimage"},"image":{"@id":"https:\/\/www.domaineseve.com\/nos-vins\/vin-macon-solutre\/#primaryimage"},"thumbnailUrl":"https:\/\/www.domaineseve.com\/wp-content\/uploads\/2022\/01\/pouilly-macon-solutre-2022.png","datePublished":"2020-07-04T11:41:01+00:00","dateModified":"2026-03-23T15:19:50+00:00","description":"M\u00e2con Solutr\u00e9-Pouilly D\u00e9couvrez le domaine S\u00e8ve, producteur de POUILLY-FUISS\u00c9 et M\u00c2CON SOLUTR\u00c9-POUILLY, vin de Bourgogne","breadcrumb":{"@id":"https:\/\/www.domaineseve.com\/nos-vins\/vin-macon-solutre\/#breadcrumb"},"inLanguage":"en-GB","potentialAction":[{"@type":"ReadAction","target":["https:\/\/www.domaineseve.com\/nos-vins\/vin-macon-solutre\/"]}]},{"@type":"ImageObject","inLanguage":"en-GB","@id":"https:\/\/www.domaineseve.com\/nos-vins\/vin-macon-solutre\/#primaryimage","url":"https:\/\/www.domaineseve.com\/wp-content\/uploads\/2022\/01\/pouilly-macon-solutre-2022.png","contentUrl":"https:\/\/www.domaineseve.com\/wp-content\/uploads\/2022\/01\/pouilly-macon-solutre-2022.png","width":1000,"height":1000,"caption":"pouilly-macon-solutr\u00e9-2022"},{"@type":"BreadcrumbList","@id":"https:\/\/www.domaineseve.com\/nos-vins\/vin-macon-solutre\/#breadcrumb","itemListElement":[{"@type":"ListItem","position":1,"name":"Accueil","item":"https:\/\/www.domaineseve.com\/"},{"@type":"ListItem","position":2,"name":"Boutique","item":"https:\/\/www.domaineseve.com\/en\/boutique\/"},{"@type":"ListItem","position":3,"name":"M\u00e2con Solutr\u00e9-Pouilly"}]},{"@type":"WebSite","@id":"https:\/\/www.domaineseve.com\/#website","url":"https:\/\/www.domaineseve.com\/","name":"Domaine S\u00e8ve Pouilly Fuiss\u00e9","description":"Pouilly Fuiss\u00e9 Vins de Bourgogne","potentialAction":[{"@type":"SearchAction","target":{"@type":"EntryPoint","urlTemplate":"https:\/\/www.domaineseve.com\/?s={search_term_string}"},"query-input":{"@type":"PropertyValueSpecification","valueRequired":true,"valueName":"search_term_string"}}],"inLanguage":"en-GB"}]}},"_links":{"self":[{"href":"https:\/\/www.domaineseve.com\/en\/wp-json\/wp\/v2\/product\/277","targetHints":{"allow":["GET"]}}],"collection":[{"href":"https:\/\/www.domaineseve.com\/en\/wp-json\/wp\/v2\/product"}],"about":[{"href":"https:\/\/www.domaineseve.com\/en\/wp-json\/wp\/v2\/types\/product"}],"replies":[{"embeddable":true,"href":"https:\/\/www.domaineseve.com\/en\/wp-json\/wp\/v2\/comments?post=277"}],"version-history":[{"count":31,"href":"https:\/\/www.domaineseve.com\/en\/wp-json\/wp\/v2\/product\/277\/revisions"}],"predecessor-version":[{"id":2423,"href":"https:\/\/www.domaineseve.com\/en\/wp-json\/wp\/v2\/product\/277\/revisions\/2423"}],"wp:featuredmedia":[{"embeddable":true,"href":"https:\/\/www.domaineseve.com\/en\/wp-json\/wp\/v2\/media\/1671"}],"wp:attachment":[{"href":"https:\/\/www.domaineseve.com\/en\/wp-json\/wp\/v2\/media?parent=277"}],"wp:term":[{"taxonomy":"product_brand","embeddable":true,"href":"https:\/\/www.domaineseve.com\/en\/wp-json\/wp\/v2\/product_brand?post=277"},{"taxonomy":"product_cat","embeddable":true,"href":"https:\/\/www.domaineseve.com\/en\/wp-json\/wp\/v2\/product_cat?post=277"},{"taxonomy":"product_tag","embeddable":true,"href":"https:\/\/www.domaineseve.com\/en\/wp-json\/wp\/v2\/product_tag?post=277"}],"curies":[{"name":"wp","href":"https:\/\/api.w.org\/{rel}","templated":true}]}}