{"id":934,"date":"2020-11-09T21:29:23","date_gmt":"2020-11-09T20:29:23","guid":{"rendered":"https:\/\/www.domaineseve.com\/?post_type=product&#038;p=934"},"modified":"2024-01-26T16:20:41","modified_gmt":"2024-01-26T15:20:41","slug":"magnum-pouilly-fuisse-1er-cru-aux-chailloux","status":"publish","type":"product","link":"https:\/\/www.domaineseve.com\/en\/nos-vins\/magnum-pouilly-fuisse-1er-cru-aux-chailloux\/","title":{"rendered":"Magnum Pouilly-Fuiss\u00e9 1er Cru \u00ab\u00a0Aux Chailloux\u00a0\u00bb"},"content":{"rendered":"<div data-elementor-type=\"product-post\" data-elementor-id=\"934\" class=\"elementor elementor-934\" data-elementor-post-type=\"product\">\n\t\t\t\t\t\t<section class=\"elementor-section elementor-top-section elementor-element elementor-element-2fd69eeb elementor-section-boxed elementor-section-height-default elementor-section-height-default\" data-id=\"2fd69eeb\" data-element_type=\"section\">\n\t\t\t\t\t\t<div class=\"elementor-container elementor-column-gap-default\">\n\t\t\t\t\t<div class=\"elementor-column elementor-col-100 elementor-top-column elementor-element elementor-element-5a167f28\" data-id=\"5a167f28\" data-element_type=\"column\">\n\t\t\t<div class=\"elementor-widget-wrap elementor-element-populated\">\n\t\t\t\t\t\t<div class=\"elementor-element elementor-element-20824b03 elementor-widget elementor-widget-text-editor\" data-id=\"20824b03\" data-element_type=\"widget\" data-widget_type=\"text-editor.default\">\n\t\t\t\t<div class=\"elementor-widget-container\">\n\t\t\t\t\t\t\t\t\t<p>Cette cuv\u00e9e est \u00e9lev\u00e9e en tonneaux d\u2019\u00e2ges diff\u00e9rents (1 \u00e0 8 ans) sur sa lie fine pendant 10 mois .<br>Sa robe d\u2019un jaune dor\u00e9 \u00e9clatant.<br>Le nez est d\u00e9licatement bois\u00e9 aux notes de pain d\u2019\u00e9pices.<br>La bouche est ample, bien structur\u00e9e beurr\u00e9e suavement miell\u00e9e finement min\u00e9rale<br>Ouvrir 1 heure \u00e0 l\u2019avance entre 12\u00b0 et 14\u00b0, servir \u00e0 l\u2019ap\u00e9ritif, avec les poissons et Saint Jacques au beurre blanc, les viandes blanches \u00e0 la cr\u00e8me (poulets de Bresse, pintade aux&nbsp;champignons, foie de veau etc\u2026fromages de ch\u00e8vres, tomes, Comt\u00e9\u2026<\/p>\t\t\t\t\t\t\t\t<\/div>\n\t\t\t\t<\/div>\n\t\t\t\t<div class=\"elementor-element elementor-element-581c7a5 elementor-widget elementor-widget-spacer\" data-id=\"581c7a5\" data-element_type=\"widget\" data-widget_type=\"spacer.default\">\n\t\t\t\t<div class=\"elementor-widget-container\">\n\t\t\t\t\t\t\t<div class=\"elementor-spacer\">\n\t\t\t<div class=\"elementor-spacer-inner\"><\/div>\n\t\t<\/div>\n\t\t\t\t\t\t<\/div>\n\t\t\t\t<\/div>\n\t\t\t\t\t<\/div>\n\t\t<\/div>\n\t\t\t\t\t<\/div>\n\t\t<\/section>\n\t\t\t\t<\/div>","protected":false},"excerpt":{"rendered":"<p>NOUS CONSULTER<\/p>\n<p>\u00ab Aux Chailloux \u00bb terroir exceptionnel du hameau de Pouilly, le sous sol argilo calcaire et marneux donne un vin tr\u00e8s riche aux ar\u00f4mes fins et d\u00e9licats s\u2019exprimant apr\u00e8s 10 mois de vinification en f\u00fbts de ch\u00eane Fran\u00e7ais neufs jusqu\u2019\u00e0 5 ans d\u2019\u00e2ge.<\/p>","protected":false},"featured_media":1685,"comment_status":"open","ping_status":"closed","template":"","meta":{"_acf_changed":false},"product_brand":[],"product_cat":[27,19],"product_tag":[],"class_list":{"0":"post-934","1":"product","2":"type-product","3":"status-publish","4":"has-post-thumbnail","6":"product_cat-magnum","7":"product_cat-pouilly-fuisse","9":"first","10":"instock","11":"shipping-taxable","12":"product-type-simple"},"acf":[],"yoast_head":"<!-- This site is optimized with the Yoast SEO plugin v27.2 - https:\/\/yoast.com\/product\/yoast-seo-wordpress\/ -->\n<title>Magnum Pouilly-Fuiss\u00e9 1er Cru &quot;Aux Chailloux&quot; - Domaine S\u00e8ve Pouilly Fuiss\u00e9<\/title>\n<meta name=\"description\" content=\"Magnum Pouilly-Fuiss\u00e9 1er Cru &quot;Aux Chailloux&quot; D\u00e9couvrez le domaine Jean-Pierre S\u00e8ve, producteur de POUILLY-FUISSE et MACON SOLUTRE, vin de Bourgogne\" \/>\n<meta name=\"robots\" content=\"index, follow, max-snippet:-1, max-image-preview:large, max-video-preview:-1\" \/>\n<link rel=\"canonical\" href=\"https:\/\/www.domaineseve.com\/en\/nos-vins\/magnum-pouilly-fuisse-1er-cru-aux-chailloux\/\" \/>\n<meta property=\"og:locale\" content=\"en_GB\" \/>\n<meta property=\"og:type\" content=\"article\" \/>\n<meta property=\"og:title\" content=\"Magnum Pouilly-Fuiss\u00e9 1er Cru &quot;Aux Chailloux&quot; - Domaine S\u00e8ve Pouilly Fuiss\u00e9\" \/>\n<meta property=\"og:description\" content=\"Magnum Pouilly-Fuiss\u00e9 1er Cru &quot;Aux Chailloux&quot; D\u00e9couvrez le domaine Jean-Pierre S\u00e8ve, producteur de POUILLY-FUISSE et MACON SOLUTRE, vin de Bourgogne\" \/>\n<meta property=\"og:url\" content=\"https:\/\/www.domaineseve.com\/en\/nos-vins\/magnum-pouilly-fuisse-1er-cru-aux-chailloux\/\" \/>\n<meta property=\"og:site_name\" content=\"Domaine S\u00e8ve Pouilly Fuiss\u00e9\" \/>\n<meta property=\"article:modified_time\" content=\"2024-01-26T15:20:41+00:00\" \/>\n<meta property=\"og:image\" content=\"https:\/\/www.domaineseve.com\/wp-content\/uploads\/2020\/11\/Magnum-pouilly-fuisse-aux-chailloux-2020.png\" \/>\n\t<meta property=\"og:image:width\" content=\"1000\" \/>\n\t<meta property=\"og:image:height\" content=\"1000\" \/>\n\t<meta property=\"og:image:type\" content=\"image\/png\" \/>\n<meta name=\"twitter:card\" content=\"summary_large_image\" \/>\n<meta name=\"twitter:label1\" content=\"Estimated reading time\" \/>\n\t<meta name=\"twitter:data1\" content=\"1 minute\" \/>\n<script type=\"application\/ld+json\" class=\"yoast-schema-graph\">{\"@context\":\"https:\/\/schema.org\",\"@graph\":[{\"@type\":\"WebPage\",\"@id\":\"https:\/\/www.domaineseve.com\/nos-vins\/magnum-pouilly-fuisse-1er-cru-aux-chailloux\/\",\"url\":\"https:\/\/www.domaineseve.com\/nos-vins\/magnum-pouilly-fuisse-1er-cru-aux-chailloux\/\",\"name\":\"Magnum Pouilly-Fuiss\u00e9 1er Cru \\\"Aux Chailloux\\\" - Domaine S\u00e8ve Pouilly Fuiss\u00e9\",\"isPartOf\":{\"@id\":\"https:\/\/www.domaineseve.com\/#website\"},\"primaryImageOfPage\":{\"@id\":\"https:\/\/www.domaineseve.com\/nos-vins\/magnum-pouilly-fuisse-1er-cru-aux-chailloux\/#primaryimage\"},\"image\":{\"@id\":\"https:\/\/www.domaineseve.com\/nos-vins\/magnum-pouilly-fuisse-1er-cru-aux-chailloux\/#primaryimage\"},\"thumbnailUrl\":\"https:\/\/www.domaineseve.com\/wp-content\/uploads\/2020\/11\/Magnum-pouilly-fuisse-aux-chailloux-2020.png\",\"datePublished\":\"2020-11-09T20:29:23+00:00\",\"dateModified\":\"2024-01-26T15:20:41+00:00\",\"description\":\"Magnum Pouilly-Fuiss\u00e9 1er Cru \\\"Aux Chailloux\\\" D\u00e9couvrez le domaine Jean-Pierre S\u00e8ve, producteur de POUILLY-FUISSE et MACON SOLUTRE, vin de Bourgogne\",\"breadcrumb\":{\"@id\":\"https:\/\/www.domaineseve.com\/nos-vins\/magnum-pouilly-fuisse-1er-cru-aux-chailloux\/#breadcrumb\"},\"inLanguage\":\"en-GB\",\"potentialAction\":[{\"@type\":\"ReadAction\",\"target\":[\"https:\/\/www.domaineseve.com\/nos-vins\/magnum-pouilly-fuisse-1er-cru-aux-chailloux\/\"]}]},{\"@type\":\"ImageObject\",\"inLanguage\":\"en-GB\",\"@id\":\"https:\/\/www.domaineseve.com\/nos-vins\/magnum-pouilly-fuisse-1er-cru-aux-chailloux\/#primaryimage\",\"url\":\"https:\/\/www.domaineseve.com\/wp-content\/uploads\/2020\/11\/Magnum-pouilly-fuisse-aux-chailloux-2020.png\",\"contentUrl\":\"https:\/\/www.domaineseve.com\/wp-content\/uploads\/2020\/11\/Magnum-pouilly-fuisse-aux-chailloux-2020.png\",\"width\":1000,\"height\":1000},{\"@type\":\"BreadcrumbList\",\"@id\":\"https:\/\/www.domaineseve.com\/nos-vins\/magnum-pouilly-fuisse-1er-cru-aux-chailloux\/#breadcrumb\",\"itemListElement\":[{\"@type\":\"ListItem\",\"position\":1,\"name\":\"Accueil\",\"item\":\"https:\/\/www.domaineseve.com\/\"},{\"@type\":\"ListItem\",\"position\":2,\"name\":\"Boutique\",\"item\":\"https:\/\/www.domaineseve.com\/en\/boutique\/\"},{\"@type\":\"ListItem\",\"position\":3,\"name\":\"Magnum Pouilly-Fuiss\u00e9 1er Cru \u00ab\u00a0Aux Chailloux\u00a0\u00bb\"}]},{\"@type\":\"WebSite\",\"@id\":\"https:\/\/www.domaineseve.com\/#website\",\"url\":\"https:\/\/www.domaineseve.com\/\",\"name\":\"Domaine S\u00e8ve Pouilly Fuiss\u00e9\",\"description\":\"Pouilly Fuiss\u00e9 Vins de Bourgogne\",\"potentialAction\":[{\"@type\":\"SearchAction\",\"target\":{\"@type\":\"EntryPoint\",\"urlTemplate\":\"https:\/\/www.domaineseve.com\/?s={search_term_string}\"},\"query-input\":{\"@type\":\"PropertyValueSpecification\",\"valueRequired\":true,\"valueName\":\"search_term_string\"}}],\"inLanguage\":\"en-GB\"}]}<\/script>\n<!-- \/ Yoast SEO plugin. -->","yoast_head_json":{"title":"Magnum Pouilly-Fuiss\u00e9 1er Cru \"Aux Chailloux\" - Domaine S\u00e8ve Pouilly Fuiss\u00e9","description":"Magnum Pouilly-Fuiss\u00e9 1er Cru \"Aux Chailloux\" D\u00e9couvrez le domaine Jean-Pierre S\u00e8ve, producteur de POUILLY-FUISSE et MACON SOLUTRE, vin de Bourgogne","robots":{"index":"index","follow":"follow","max-snippet":"max-snippet:-1","max-image-preview":"max-image-preview:large","max-video-preview":"max-video-preview:-1"},"canonical":"https:\/\/www.domaineseve.com\/en\/nos-vins\/magnum-pouilly-fuisse-1er-cru-aux-chailloux\/","og_locale":"en_GB","og_type":"article","og_title":"Magnum Pouilly-Fuiss\u00e9 1er Cru \"Aux Chailloux\" - Domaine S\u00e8ve Pouilly Fuiss\u00e9","og_description":"Magnum Pouilly-Fuiss\u00e9 1er Cru \"Aux Chailloux\" D\u00e9couvrez le domaine Jean-Pierre S\u00e8ve, producteur de POUILLY-FUISSE et MACON SOLUTRE, vin de Bourgogne","og_url":"https:\/\/www.domaineseve.com\/en\/nos-vins\/magnum-pouilly-fuisse-1er-cru-aux-chailloux\/","og_site_name":"Domaine S\u00e8ve Pouilly Fuiss\u00e9","article_modified_time":"2024-01-26T15:20:41+00:00","og_image":[{"width":1000,"height":1000,"url":"https:\/\/www.domaineseve.com\/wp-content\/uploads\/2020\/11\/Magnum-pouilly-fuisse-aux-chailloux-2020.png","type":"image\/png"}],"twitter_card":"summary_large_image","twitter_misc":{"Estimated reading time":"1 minute"},"schema":{"@context":"https:\/\/schema.org","@graph":[{"@type":"WebPage","@id":"https:\/\/www.domaineseve.com\/nos-vins\/magnum-pouilly-fuisse-1er-cru-aux-chailloux\/","url":"https:\/\/www.domaineseve.com\/nos-vins\/magnum-pouilly-fuisse-1er-cru-aux-chailloux\/","name":"Magnum Pouilly-Fuiss\u00e9 1er Cru \"Aux Chailloux\" - Domaine S\u00e8ve Pouilly Fuiss\u00e9","isPartOf":{"@id":"https:\/\/www.domaineseve.com\/#website"},"primaryImageOfPage":{"@id":"https:\/\/www.domaineseve.com\/nos-vins\/magnum-pouilly-fuisse-1er-cru-aux-chailloux\/#primaryimage"},"image":{"@id":"https:\/\/www.domaineseve.com\/nos-vins\/magnum-pouilly-fuisse-1er-cru-aux-chailloux\/#primaryimage"},"thumbnailUrl":"https:\/\/www.domaineseve.com\/wp-content\/uploads\/2020\/11\/Magnum-pouilly-fuisse-aux-chailloux-2020.png","datePublished":"2020-11-09T20:29:23+00:00","dateModified":"2024-01-26T15:20:41+00:00","description":"Magnum Pouilly-Fuiss\u00e9 1er Cru \"Aux Chailloux\" D\u00e9couvrez le domaine Jean-Pierre S\u00e8ve, producteur de POUILLY-FUISSE et MACON SOLUTRE, vin de Bourgogne","breadcrumb":{"@id":"https:\/\/www.domaineseve.com\/nos-vins\/magnum-pouilly-fuisse-1er-cru-aux-chailloux\/#breadcrumb"},"inLanguage":"en-GB","potentialAction":[{"@type":"ReadAction","target":["https:\/\/www.domaineseve.com\/nos-vins\/magnum-pouilly-fuisse-1er-cru-aux-chailloux\/"]}]},{"@type":"ImageObject","inLanguage":"en-GB","@id":"https:\/\/www.domaineseve.com\/nos-vins\/magnum-pouilly-fuisse-1er-cru-aux-chailloux\/#primaryimage","url":"https:\/\/www.domaineseve.com\/wp-content\/uploads\/2020\/11\/Magnum-pouilly-fuisse-aux-chailloux-2020.png","contentUrl":"https:\/\/www.domaineseve.com\/wp-content\/uploads\/2020\/11\/Magnum-pouilly-fuisse-aux-chailloux-2020.png","width":1000,"height":1000},{"@type":"BreadcrumbList","@id":"https:\/\/www.domaineseve.com\/nos-vins\/magnum-pouilly-fuisse-1er-cru-aux-chailloux\/#breadcrumb","itemListElement":[{"@type":"ListItem","position":1,"name":"Accueil","item":"https:\/\/www.domaineseve.com\/"},{"@type":"ListItem","position":2,"name":"Boutique","item":"https:\/\/www.domaineseve.com\/en\/boutique\/"},{"@type":"ListItem","position":3,"name":"Magnum Pouilly-Fuiss\u00e9 1er Cru \u00ab\u00a0Aux Chailloux\u00a0\u00bb"}]},{"@type":"WebSite","@id":"https:\/\/www.domaineseve.com\/#website","url":"https:\/\/www.domaineseve.com\/","name":"Domaine S\u00e8ve Pouilly Fuiss\u00e9","description":"Pouilly Fuiss\u00e9 Vins de Bourgogne","potentialAction":[{"@type":"SearchAction","target":{"@type":"EntryPoint","urlTemplate":"https:\/\/www.domaineseve.com\/?s={search_term_string}"},"query-input":{"@type":"PropertyValueSpecification","valueRequired":true,"valueName":"search_term_string"}}],"inLanguage":"en-GB"}]}},"_links":{"self":[{"href":"https:\/\/www.domaineseve.com\/en\/wp-json\/wp\/v2\/product\/934","targetHints":{"allow":["GET"]}}],"collection":[{"href":"https:\/\/www.domaineseve.com\/en\/wp-json\/wp\/v2\/product"}],"about":[{"href":"https:\/\/www.domaineseve.com\/en\/wp-json\/wp\/v2\/types\/product"}],"replies":[{"embeddable":true,"href":"https:\/\/www.domaineseve.com\/en\/wp-json\/wp\/v2\/comments?post=934"}],"version-history":[{"count":13,"href":"https:\/\/www.domaineseve.com\/en\/wp-json\/wp\/v2\/product\/934\/revisions"}],"predecessor-version":[{"id":2007,"href":"https:\/\/www.domaineseve.com\/en\/wp-json\/wp\/v2\/product\/934\/revisions\/2007"}],"wp:featuredmedia":[{"embeddable":true,"href":"https:\/\/www.domaineseve.com\/en\/wp-json\/wp\/v2\/media\/1685"}],"wp:attachment":[{"href":"https:\/\/www.domaineseve.com\/en\/wp-json\/wp\/v2\/media?parent=934"}],"wp:term":[{"taxonomy":"product_brand","embeddable":true,"href":"https:\/\/www.domaineseve.com\/en\/wp-json\/wp\/v2\/product_brand?post=934"},{"taxonomy":"product_cat","embeddable":true,"href":"https:\/\/www.domaineseve.com\/en\/wp-json\/wp\/v2\/product_cat?post=934"},{"taxonomy":"product_tag","embeddable":true,"href":"https:\/\/www.domaineseve.com\/en\/wp-json\/wp\/v2\/product_tag?post=934"}],"curies":[{"name":"wp","href":"https:\/\/api.w.org\/{rel}","templated":true}]}}